{"id":2686,"date":"2020-09-28T08:55:30","date_gmt":"2020-09-28T08:55:30","guid":{"rendered":"https:\/\/cril54.fr\/?page_id=2686"},"modified":"2026-02-19T10:05:23","modified_gmt":"2026-02-19T10:05:23","slug":"adhesion-et-don","status":"publish","type":"page","link":"https:\/\/cril54.fr\/?page_id=2686","title":{"rendered":"Adh\u00e9sion et don"},"content":{"rendered":"\t\t<div data-elementor-type=\"wp-page\" data-elementor-id=\"2686\" class=\"elementor elementor-2686\" data-elementor-post-type=\"page\">\n\t\t\t\t\t\t<section class=\"elementor-section elementor-top-section elementor-element elementor-element-631a42d0 elementor-section-boxed elementor-section-height-default elementor-section-height-default\" data-id=\"631a42d0\" data-element_type=\"section\" data-e-type=\"section\">\n\t\t\t\t\t\t<div class=\"elementor-container elementor-column-gap-default\">\n\t\t\t\t\t<div class=\"elementor-column elementor-col-100 elementor-top-column elementor-element elementor-element-2d69debd\" data-id=\"2d69debd\" data-element_type=\"column\" data-e-type=\"column\">\n\t\t\t<div class=\"elementor-widget-wrap elementor-element-populated\">\n\t\t\t\t\t\t<div class=\"elementor-element elementor-element-b590e73 elementor-widget elementor-widget-spacer\" data-id=\"b590e73\" data-element_type=\"widget\" data-e-type=\"widget\" data-widget_type=\"spacer.default\">\n\t\t\t\t<div class=\"elementor-widget-container\">\n\t\t\t\t\t\t\t<div class=\"elementor-spacer\">\n\t\t\t<div class=\"elementor-spacer-inner\"><\/div>\n\t\t<\/div>\n\t\t\t\t\t\t<\/div>\n\t\t\t\t<\/div>\n\t\t\t\t<div class=\"elementor-element elementor-element-26cf2080 elementor-widget elementor-widget-text-editor\" data-id=\"26cf2080\" data-element_type=\"widget\" data-e-type=\"widget\" data-widget_type=\"text-editor.default\">\n\t\t\t\t<div class=\"elementor-widget-container\">\n\t\t\t\t\t\t\t\t\t<p><strong>Adh\u00e9rer au CRIL54<\/strong> signifie que vous soutenez notre projet associatif et que vous souhaitez contribuer, vous aussi, \u00e0 une soci\u00e9t\u00e9 plus juste, \u00e0 l\u2019acc\u00e8s \u00e0 la formation, \u00e0 la culture et aux droits pour tous. L\u2019adh\u00e9sion est importante : elle donne un poids suppl\u00e9mentaire lors de nos demandes de subvention. Elle est indispensable lorsque vous accompagnez b\u00e9n\u00e9volement un apprenant ou lorsque vous \u00eates accompagn\u00e9 par un b\u00e9n\u00e9vole. Enfin, elle permet d\u2019avoir acc\u00e8s au fonds documentaire sp\u00e9cialis\u00e9 de l\u2019association. Elle est valable pour l\u2019ann\u00e9e civile en cours.<\/p>\n<p>\u00a0<\/p>\n<p>Vous pouvez \u00e9galement <strong>faire un don<\/strong> pour manifester votre soutien. Faire un don au CRIL54, c\u2019est permettre \u00e0 des adultes de changer de vie gr\u00e2ce \u00e0 la ma\u00eetrise de la lecture, de l\u2019\u00e9criture, du calcul, du num\u00e9rique\u2026 Le donc au CRIL54 ouvre droit \u00e0 une <strong>r\u00e9duction fiscale<\/strong> car il remplit les conditions g\u00e9n\u00e9rales pr\u00e9vues aux articles 200 et 238 bis du code g\u00e9n\u00e9ral des imp\u00f4ts. Vous pouvez ainsi b\u00e9n\u00e9ficier d\u2019une r\u00e9duction d\u2019imp\u00f4t \u00e9gale \u00e0 66% du montant de votre don, dans la limite de 20% de votre revenu imposable.<\/p>\t\t\t\t\t\t\t\t<\/div>\n\t\t\t\t<\/div>\n\t\t\t\t<div class=\"elementor-element elementor-element-169a6b7 elementor-align-center elementor-widget elementor-widget-button\" data-id=\"169a6b7\" data-element_type=\"widget\" data-e-type=\"widget\" data-widget_type=\"button.default\">\n\t\t\t\t<div class=\"elementor-widget-container\">\n\t\t\t\t\t\t\t\t\t<div class=\"elementor-button-wrapper\">\n\t\t\t\t\t<a class=\"elementor-button elementor-button-link elementor-size-md\" href=\"https:\/\/cril54.fr\/wp-content\/uploads\/2026\/02\/Bulletin-adhesion-2026.pdf\">\n\t\t\t\t\t\t<span class=\"elementor-button-content-wrapper\">\n\t\t\t\t\t\t\t\t\t<span class=\"elementor-button-text\">Bulletin d'adh\u00e9sion ou de don<\/span>\n\t\t\t\t\t<\/span>\n\t\t\t\t\t<\/a>\n\t\t\t\t<\/div>\n\t\t\t\t\t\t\t\t<\/div>\n\t\t\t\t<\/div>\n\t\t\t\t<div class=\"elementor-element elementor-element-34c3a48 elementor-widget elementor-widget-spacer\" data-id=\"34c3a48\" data-element_type=\"widget\" data-e-type=\"widget\" data-widget_type=\"spacer.default\">\n\t\t\t\t<div class=\"elementor-widget-container\">\n\t\t\t\t\t\t\t<div class=\"elementor-spacer\">\n\t\t\t<div class=\"elementor-spacer-inner\"><\/div>\n\t\t<\/div>\n\t\t\t\t\t\t<\/div>\n\t\t\t\t<\/div>\n\t\t\t\t\t<\/div>\n\t\t<\/div>\n\t\t\t\t\t<\/div>\n\t\t<\/section>\n\t\t\t\t<\/div>\n\t\t","protected":false},"excerpt":{"rendered":"<p>Adh\u00e9rer au CRIL54 signifie que vous soutenez notre projet associatif et que vous souhaitez contribuer, vous aussi, \u00e0 une soci\u00e9t\u00e9 plus juste, \u00e0 l\u2019acc\u00e8s \u00e0 la formation, \u00e0 la culture et aux droits pour tous. L\u2019adh\u00e9sion est importante : elle donne un poids suppl\u00e9mentaire lors de nos demandes de subvention. Elle est indispensable lorsque vous&hellip;<\/p>\n","protected":false},"author":7,"featured_media":0,"parent":0,"menu_order":6,"comment_status":"closed","ping_status":"closed","template":"","meta":{"footnotes":""},"class_list":["post-2686","page","type-page","status-publish","hentry"],"_links":{"self":[{"href":"https:\/\/cril54.fr\/index.php?rest_route=\/wp\/v2\/pages\/2686","targetHints":{"allow":["GET"]}}],"collection":[{"href":"https:\/\/cril54.fr\/index.php?rest_route=\/wp\/v2\/pages"}],"about":[{"href":"https:\/\/cril54.fr\/index.php?rest_route=\/wp\/v2\/types\/page"}],"author":[{"embeddable":true,"href":"https:\/\/cril54.fr\/index.php?rest_route=\/wp\/v2\/users\/7"}],"replies":[{"embeddable":true,"href":"https:\/\/cril54.fr\/index.php?rest_route=%2Fwp%2Fv2%2Fcomments&post=2686"}],"version-history":[{"count":9,"href":"https:\/\/cril54.fr\/index.php?rest_route=\/wp\/v2\/pages\/2686\/revisions"}],"predecessor-version":[{"id":4344,"href":"https:\/\/cril54.fr\/index.php?rest_route=\/wp\/v2\/pages\/2686\/revisions\/4344"}],"wp:attachment":[{"href":"https:\/\/cril54.fr\/index.php?rest_route=%2Fwp%2Fv2%2Fmedia&parent=2686"}],"curies":[{"name":"wp","href":"https:\/\/api.w.org\/{rel}","templated":true}]}}