{"id":2683,"date":"2020-09-28T08:51:20","date_gmt":"2020-09-28T08:51:20","guid":{"rendered":"https:\/\/cril54.fr\/?page_id=2683"},"modified":"2026-04-01T20:24:13","modified_gmt":"2026-04-01T20:24:13","slug":"conseil-dadministration-et-equipe","status":"publish","type":"page","link":"https:\/\/cril54.fr\/?page_id=2683","title":{"rendered":"Conseil d&rsquo;Administration et \u00e9quipe"},"content":{"rendered":"\t\t<div data-elementor-type=\"wp-page\" data-elementor-id=\"2683\" class=\"elementor elementor-2683\" data-elementor-post-type=\"page\">\n\t\t\t\t\t\t<section class=\"elementor-section elementor-top-section elementor-element elementor-element-2242eeeb elementor-section-boxed elementor-section-height-default elementor-section-height-default\" data-id=\"2242eeeb\" data-element_type=\"section\" data-e-type=\"section\">\n\t\t\t\t\t\t<div class=\"elementor-container elementor-column-gap-default\">\n\t\t\t\t\t<div class=\"elementor-column elementor-col-100 elementor-top-column elementor-element elementor-element-5ddbdd50\" data-id=\"5ddbdd50\" data-element_type=\"column\" data-e-type=\"column\">\n\t\t\t<div class=\"elementor-widget-wrap elementor-element-populated\">\n\t\t\t\t\t\t<div class=\"elementor-element elementor-element-2b90c5d elementor-widget elementor-widget-heading\" data-id=\"2b90c5d\" data-element_type=\"widget\" data-e-type=\"widget\" data-widget_type=\"heading.default\">\n\t\t\t\t<div class=\"elementor-widget-container\">\n\t\t\t\t\t<h2 class=\"elementor-heading-title elementor-size-default\">Composition du Conseil d\u2019Administration et de l'\u00e9quipe<\/h2>\t\t\t\t<\/div>\n\t\t\t\t<\/div>\n\t\t\t\t<div class=\"elementor-element elementor-element-b4af6cf elementor-widget elementor-widget-text-editor\" data-id=\"b4af6cf\" data-element_type=\"widget\" data-e-type=\"widget\" data-widget_type=\"text-editor.default\">\n\t\t\t\t<div class=\"elementor-widget-container\">\n\t\t\t\t\t\t\t\t\t<p style=\"color: #f6a700;\"><span style=\"color: #ff9900;\"><strong>\u00a0<u>LE CONSEIL D&rsquo;ADMINISTRATION<\/u>\u00a0<\/strong><\/span><strong style=\"color: #ff9900; font-family: var( --e-global-typography-text-font-family ), Sans-serif; letter-spacing: var(--the7-base-letter-spacing); text-transform: var(--the7-base-text-transform); word-spacing: normal;\">\u00a0<\/strong><\/p>\n<p style=\"color: #f6a700;\"><span style=\"color: #ff9900;\"><strong>\u00a0 Pr\u00e9sidente<\/strong>\u00a0:<\/span><\/p>\n<p>Martine LAMBLIN<\/p>\n<p>&nbsp;<\/p>\n<p style=\"color: #f6a700;\"><span style=\"color: #ff9900;\"><strong>Vice-Pr\u00e9sidente :<\/strong><\/span><\/p>\n<p>Dominique PICART<\/p>\n<p><!-- \/wp:paragraph --><\/p>\n<p><!-- wp:paragraph --><\/p>\n<p>&nbsp;<\/p>\n<p><!-- \/wp:paragraph --><\/p>\n<p><!-- wp:paragraph --><\/p>\n<p style=\"color: #f6a700;\"><span style=\"color: #ff9900;\"><strong>Tr\u00e9sorier<\/strong>\u00a0:<\/span><\/p>\n<p>Denys PIERRE<\/p>\n<p>&nbsp;<\/p>\n<p style=\"color: #f6a700;\"><span style=\"color: #ff9900;\"><strong>Tr\u00e9sori\u00e8re adjointe :<\/strong><\/span><\/p>\n<p>Claudine LAMBLIN<\/p>\n<p>&nbsp;<\/p>\n<p><!-- \/wp:paragraph --><\/p>\n<p><!-- wp:paragraph --><\/p>\n<p style=\"color: #f6a700;\"><span style=\"color: #ff9900;\"><strong>Secr\u00e9taire<\/strong>\u00a0:<\/span><\/p>\n<p>Catherine BENEDIC<\/p>\n<p>&nbsp;<\/p>\n<p style=\"color: #f6a700;\"><span style=\"color: #ff9900;\"><strong>Secr\u00e9taire adjointe :<\/strong>\u00a0<\/span><\/p>\n<p>Dominique PICART<\/p>\n<p>&nbsp;<\/p>\n<p><!-- \/wp:paragraph --><\/p>\n<p><!-- wp:paragraph --><\/p>\n<p style=\"color: #f6a700;\"><span style=\"color: #ff9900;\"><strong>Administrateurs\u00a0:<\/strong><\/span><\/p>\n<p>Magali HUSIANYCIA<\/p>\n<p>Chantal LAROSE<\/p>\n<p>Fran\u00e7oise LAROSE<\/p>\n<p>&nbsp;<\/p>\n<p style=\"color: #f6a700;\"><span style=\"color: #ff9900;\"><strong><u>\u00a0L&rsquo;EQUIPE<\/u><\/strong><\/span><\/p>\n<p style=\"color: #f6a700;\"><span style=\"color: #ff9900;\"><strong>Responsable de coordination et de d\u00e9veloppement :<\/strong><\/span><\/p>\n<p>Quentin MANGEL-DIEMUNSCH\u00a0<\/p>\n<p>&nbsp;<\/p>\n<p style=\"color: #f6a700;\"><span style=\"color: #ff9900;\"><strong>Conseill\u00e8re p\u00e9dagogique :<\/strong><\/span><\/p>\n<p>Zhour EL MAARRI<\/p>\n<p>&nbsp;<\/p>\n<p style=\"color: #f6a700;\"><span style=\"color: #ff9900;\"><strong>Conseill\u00e8re num\u00e9rique :<\/strong><\/span><\/p>\n<p>Christelle BORREGO<\/p>\n<p><!-- \/wp:paragraph --><\/p>\n<p><!-- wp:spacer {\"height\":50} --><!-- \/wp:button --><\/p>\t\t\t\t\t\t\t\t<\/div>\n\t\t\t\t<\/div>\n\t\t\t\t<div class=\"elementor-element elementor-element-27e9be3 elementor-align-center elementor-widget elementor-widget-button\" data-id=\"27e9be3\" data-element_type=\"widget\" data-e-type=\"widget\" data-widget_type=\"button.default\">\n\t\t\t\t<div class=\"elementor-widget-container\">\n\t\t\t\t\t\t\t\t\t<div class=\"elementor-button-wrapper\">\n\t\t\t\t\t<a class=\"elementor-button elementor-button-link elementor-size-md\" href=\"https:\/\/cril54.fr\/?page_id=260\">\n\t\t\t\t\t\t<span class=\"elementor-button-content-wrapper\">\n\t\t\t\t\t\t\t\t\t<span class=\"elementor-button-text\">Vous voulez en savoir plus sur la composition du Conseil d'Administration, contactez-nous !<\/span>\n\t\t\t\t\t<\/span>\n\t\t\t\t\t<\/a>\n\t\t\t\t<\/div>\n\t\t\t\t\t\t\t\t<\/div>\n\t\t\t\t<\/div>\n\t\t\t\t\t<\/div>\n\t\t<\/div>\n\t\t\t\t\t<\/div>\n\t\t<\/section>\n\t\t\t\t<\/div>\n\t\t","protected":false},"excerpt":{"rendered":"<p>Composition du Conseil d\u2019Administration et de l&rsquo;\u00e9quipe \u00a0LE CONSEIL D&rsquo;ADMINISTRATION\u00a0\u00a0 \u00a0 Pr\u00e9sidente\u00a0: Martine LAMBLIN &nbsp; Vice-Pr\u00e9sidente : Dominique PICART &nbsp; Tr\u00e9sorier\u00a0: Denys PIERRE &nbsp; Tr\u00e9sori\u00e8re adjointe : Claudine LAMBLIN &nbsp; Secr\u00e9taire\u00a0: Catherine BENEDIC &nbsp; Secr\u00e9taire adjointe :\u00a0 Dominique PICART &nbsp; Administrateurs\u00a0: Magali HUSIANYCIA Chantal LAROSE Fran\u00e7oise LAROSE &nbsp; \u00a0L&rsquo;EQUIPE Responsable de coordination et de d\u00e9veloppement&hellip;<\/p>\n","protected":false},"author":7,"featured_media":0,"parent":0,"menu_order":6,"comment_status":"closed","ping_status":"closed","template":"","meta":{"footnotes":""},"class_list":["post-2683","page","type-page","status-publish","hentry"],"_links":{"self":[{"href":"https:\/\/cril54.fr\/index.php?rest_route=\/wp\/v2\/pages\/2683","targetHints":{"allow":["GET"]}}],"collection":[{"href":"https:\/\/cril54.fr\/index.php?rest_route=\/wp\/v2\/pages"}],"about":[{"href":"https:\/\/cril54.fr\/index.php?rest_route=\/wp\/v2\/types\/page"}],"author":[{"embeddable":true,"href":"https:\/\/cril54.fr\/index.php?rest_route=\/wp\/v2\/users\/7"}],"replies":[{"embeddable":true,"href":"https:\/\/cril54.fr\/index.php?rest_route=%2Fwp%2Fv2%2Fcomments&post=2683"}],"version-history":[{"count":59,"href":"https:\/\/cril54.fr\/index.php?rest_route=\/wp\/v2\/pages\/2683\/revisions"}],"predecessor-version":[{"id":4437,"href":"https:\/\/cril54.fr\/index.php?rest_route=\/wp\/v2\/pages\/2683\/revisions\/4437"}],"wp:attachment":[{"href":"https:\/\/cril54.fr\/index.php?rest_route=%2Fwp%2Fv2%2Fmedia&parent=2683"}],"curies":[{"name":"wp","href":"https:\/\/api.w.org\/{rel}","templated":true}]}}