{"id":2673,"date":"2020-09-28T08:46:01","date_gmt":"2020-09-28T08:46:01","guid":{"rendered":"https:\/\/cril54.fr\/?page_id=2673"},"modified":"2026-02-19T10:34:34","modified_gmt":"2026-02-19T10:34:34","slug":"mission-du-cril54","status":"publish","type":"page","link":"https:\/\/cril54.fr\/?page_id=2673","title":{"rendered":"Missions du CRIL54"},"content":{"rendered":"\t\t<div data-elementor-type=\"wp-page\" data-elementor-id=\"2673\" class=\"elementor elementor-2673\" data-elementor-post-type=\"page\">\n\t\t\t\t\t\t<section class=\"elementor-section elementor-top-section elementor-element elementor-element-4138bf3 elementor-section-boxed elementor-section-height-default elementor-section-height-default\" data-id=\"4138bf3\" data-element_type=\"section\" data-e-type=\"section\">\n\t\t\t\t\t\t<div class=\"elementor-container elementor-column-gap-default\">\n\t\t\t\t\t<div class=\"elementor-column elementor-col-100 elementor-top-column elementor-element elementor-element-765a3d4\" data-id=\"765a3d4\" data-element_type=\"column\" data-e-type=\"column\">\n\t\t\t<div class=\"elementor-widget-wrap elementor-element-populated\">\n\t\t\t\t\t\t<div class=\"elementor-element elementor-element-8489f1b elementor-widget elementor-widget-text-editor\" data-id=\"8489f1b\" data-element_type=\"widget\" data-e-type=\"widget\" data-widget_type=\"text-editor.default\">\n\t\t\t\t<div class=\"elementor-widget-container\">\n\t\t\t\t\t\t\t\t\t<p><strong>Le Centre Ressources Illettrisme de Meurthe-et-Moselle (CRIL54)<\/strong>\u00a0est une association\u00a0<a href=\"http:\/\/www.associations.gouv.fr\/la-loi-du-1er-juillet-1901-et-la-liberte-d-association.html\" target=\"_blank\" rel=\"noreferrer noopener\">loi 1901<\/a>\u00a0fond\u00e9e en 1993 pour <strong>lutter contre la non ma\u00eetrise des savoirs de base, dont l\u2019illettrisme<\/strong>. Son si\u00e8ge se trouve sur le Plateau de Haye \u00e0 Nancy, dans un quartier <span style=\"font-family: var( --e-global-typography-text-font-family ), Sans-serif; word-spacing: normal;\">prioritaire de la politique de la ville. Sa zone d&rsquo;action s&rsquo;\u00e9tend \u00e0 la M\u00e9tropole du Grand Nancy, Lun\u00e9ville et Toul.<\/span><\/p>\t\t\t\t\t\t\t\t<\/div>\n\t\t\t\t<\/div>\n\t\t\t\t\t<\/div>\n\t\t<\/div>\n\t\t\t\t\t<\/div>\n\t\t<\/section>\n\t\t\t\t<section class=\"elementor-section elementor-top-section elementor-element elementor-element-7d13dc2 elementor-section-boxed elementor-section-height-default elementor-section-height-default\" data-id=\"7d13dc2\" data-element_type=\"section\" data-e-type=\"section\">\n\t\t\t\t\t\t<div class=\"elementor-container elementor-column-gap-default\">\n\t\t\t\t\t<div class=\"elementor-column elementor-col-50 elementor-top-column elementor-element elementor-element-bef305e\" data-id=\"bef305e\" data-element_type=\"column\" data-e-type=\"column\">\n\t\t\t<div class=\"elementor-widget-wrap elementor-element-populated\">\n\t\t\t\t\t\t<div class=\"elementor-element elementor-element-eff7d05 elementor-widget elementor-widget-text-editor\" data-id=\"eff7d05\" data-element_type=\"widget\" data-e-type=\"widget\" data-widget_type=\"text-editor.default\">\n\t\t\t\t<div class=\"elementor-widget-container\">\n\t\t\t\t\t\t\t\t\t<p>Espace d\u2019animation \u00e0 vocation d\u00e9partementale, le CRIL54 r\u00e9pond aux besoins d\u2019information et d\u2019outillage de tout acteur intervenant dans le champ de l\u2019acc\u00e8s aux savoirs de base ou \u00e0 la langue fran\u00e7aise. Il contribue \u00e0 la professionnalisation des professionnels et des b\u00e9n\u00e9voles impliqu\u00e9s, de pr\u00e8s ou de loin, dans l\u2019identification, l\u2019orientation, l\u2019accompagnement et\/ou la formation des personnes en situation d\u2019illettrisme. Il capitalise et diffuse les ressources documentaires et p\u00e9dagogiques disponibles.<\/p>\n<p>Espace d\u2019accompagnement dans l\u2019acquisition des savoirs de base, le CRIL54 accueille et informe toute personne, fran\u00e7aise ou \u00e9trang\u00e8re, souhaitant apprendre, r\u00e9apprendre ou se remettre \u00e0 niveau en lecture, \u00e9criture, calcul et\/ou num\u00e9rique de base.\u00a0 Il l\u2019oriente ensuite vers la r\u00e9ponse p\u00e9dagogique adapt\u00e9e \u00e0 ses besoins\u00a0et \u00e0 son profil linguistique : atelier collectif de proximit\u00e9, dispositif de droit commun ou accompagnement individuel par un b\u00e9n\u00e9vole de son r\u00e9seau.<\/p>\t\t\t\t\t\t\t\t<\/div>\n\t\t\t\t<\/div>\n\t\t\t\t\t<\/div>\n\t\t<\/div>\n\t\t\t\t<div class=\"elementor-column elementor-col-50 elementor-top-column elementor-element elementor-element-afa204d\" data-id=\"afa204d\" data-element_type=\"column\" data-e-type=\"column\">\n\t\t\t<div class=\"elementor-widget-wrap elementor-element-populated\">\n\t\t\t\t\t\t<div class=\"elementor-element elementor-element-05ab068 elementor-invisible elementor-widget elementor-widget-image\" data-id=\"05ab068\" data-element_type=\"widget\" data-e-type=\"widget\" data-settings=\"{&quot;_animation&quot;:&quot;fadeInRight&quot;}\" data-widget_type=\"image.default\">\n\t\t\t\t<div class=\"elementor-widget-container\">\n\t\t\t\t\t\t\t\t\t\t\t\t\t\t\t<img fetchpriority=\"high\" decoding=\"async\" width=\"1024\" height=\"768\" src=\"https:\/\/cril54.fr\/wp-content\/uploads\/2020\/09\/cril-1024x768.jpg\" class=\"attachment-large size-large wp-image-2763\" alt=\"\" srcset=\"https:\/\/cril54.fr\/wp-content\/uploads\/2020\/09\/cril-1024x768.jpg 1024w, https:\/\/cril54.fr\/wp-content\/uploads\/2020\/09\/cril-300x225.jpg 300w, https:\/\/cril54.fr\/wp-content\/uploads\/2020\/09\/cril-768x576.jpg 768w, https:\/\/cril54.fr\/wp-content\/uploads\/2020\/09\/cril-1536x1152.jpg 1536w, https:\/\/cril54.fr\/wp-content\/uploads\/2020\/09\/cril-1320x990.jpg 1320w, https:\/\/cril54.fr\/wp-content\/uploads\/2020\/09\/cril.jpg 1932w\" sizes=\"(max-width: 1024px) 100vw, 1024px\" \/>\t\t\t\t\t\t\t\t\t\t\t\t\t\t\t<\/div>\n\t\t\t\t<\/div>\n\t\t\t\t\t<\/div>\n\t\t<\/div>\n\t\t\t\t\t<\/div>\n\t\t<\/section>\n\t\t\t\t<section class=\"elementor-section elementor-top-section elementor-element elementor-element-a643b6f elementor-section-boxed elementor-section-height-default elementor-section-height-default\" data-id=\"a643b6f\" data-element_type=\"section\" data-e-type=\"section\">\n\t\t\t\t\t\t<div class=\"elementor-container elementor-column-gap-default\">\n\t\t\t\t\t<div class=\"elementor-column elementor-col-100 elementor-top-column elementor-element elementor-element-d64ca11\" data-id=\"d64ca11\" data-element_type=\"column\" data-e-type=\"column\">\n\t\t\t<div class=\"elementor-widget-wrap elementor-element-populated\">\n\t\t\t\t\t\t<div class=\"elementor-element elementor-element-65bf4b8 elementor-widget elementor-widget-spacer\" data-id=\"65bf4b8\" data-element_type=\"widget\" data-e-type=\"widget\" data-widget_type=\"spacer.default\">\n\t\t\t\t<div class=\"elementor-widget-container\">\n\t\t\t\t\t\t\t<div class=\"elementor-spacer\">\n\t\t\t<div class=\"elementor-spacer-inner\"><\/div>\n\t\t<\/div>\n\t\t\t\t\t\t<\/div>\n\t\t\t\t<\/div>\n\t\t\t\t<div class=\"elementor-element elementor-element-8a84e9f elementor-widget elementor-widget-heading\" data-id=\"8a84e9f\" data-element_type=\"widget\" data-e-type=\"widget\" data-widget_type=\"heading.default\">\n\t\t\t\t<div class=\"elementor-widget-container\">\n\t\t\t\t\t<h2 class=\"elementor-heading-title elementor-size-default\">Les missions du CRIL54<\/h2>\t\t\t\t<\/div>\n\t\t\t\t<\/div>\n\t\t\t\t<div class=\"elementor-element elementor-element-c17ef19 elementor-widget elementor-widget-text-editor\" data-id=\"c17ef19\" data-element_type=\"widget\" data-e-type=\"widget\" data-widget_type=\"text-editor.default\">\n\t\t\t\t<div class=\"elementor-widget-container\">\n\t\t\t\t\t\t\t\t\t<p><strong>L&rsquo;accompagnement du public adulte en difficult\u00e9 avec l&rsquo;\u00e9crit et\/ou les comp\u00e9tences num\u00e9riques de base<\/strong><\/p>\n<p>\u2013 Accompagnement individuel, par des b\u00e9n\u00e9voles form\u00e9s en continu, de personnes en situation d&rsquo;illettrisme, en remise \u00e0 niveau ou \u00ab\u00a0Fran\u00e7ais Langue \u00c9trang\u00e8re\u00a0\u00bb (F.L.E.)<\/p>\n<p>\u2013&nbsp;Accompagnement individuel ou collectif des personnes souhaitant \u00eatre plus \u00e0 l&rsquo;aise avec l&rsquo;informatique et appui aux d\u00e9marches administratives en ligne par une professionnelle, conseill\u00e8re num\u00e9rique<\/p>\n<p><\/p>\n<p>\u2013 Aide \u00e0 l&rsquo;orientation de toute personne souhaitant entreprendre une d\u00e9marche de (r\u00e9)apprentissage des savoirs de base vers l&rsquo;action de proximit\u00e9 ou le dispositif de formation le plus adapt\u00e9. Cela concerne le public adulte :&nbsp;<\/p>\n<ul>\n<li>En situation d\u2019illettrisme (apr\u00e8s une scolarisation en fran\u00e7ais) ;<\/li>\n<li>Ayant besoin d\u2019une remise \u00e0 niveau en fran\u00e7ais ;<\/li>\n<li>\u00ab\u00a0Fran\u00e7ais Langue \u00c9trang\u00e8re\u00a0\u00bb (F.L.E.) ;<\/li>\n<li>Analphab\u00e8te.<\/li>\n<\/ul>\t\t\t\t\t\t\t\t<\/div>\n\t\t\t\t<\/div>\n\t\t\t\t<div class=\"elementor-element elementor-element-4ff1a8e elementor-widget elementor-widget-text-editor\" data-id=\"4ff1a8e\" data-element_type=\"widget\" data-e-type=\"widget\" data-widget_type=\"text-editor.default\">\n\t\t\t\t<div class=\"elementor-widget-container\">\n\t\t\t\t\t\t\t\t\t<h4><strong>L&rsquo;appui aux acteurs, professionnels et b\u00e9n\u00e9voles<\/strong><\/h4>\n<p>\u2013 Professionnalisation :<\/p>\n<ul>\n<li>Sensibilisation \u00e0 la probl\u00e9matique et aux enjeux de l&rsquo;illettrisme ;<\/li>\n<li>Formation de b\u00e9n\u00e9voles intervenant face \u00e0 un public en situation d&rsquo;illettrisme ;<\/li>\n<li>Pr\u00e9sentation d&rsquo;outils p\u00e9dagogiques.<\/li>\n<\/ul>\n<p>\u2013 Mise \u00e0 disposition de ressources documentaires et p\u00e9dagogiques :<\/p>\n<ul>\n<li>Ressources num\u00e9riques en acc\u00e8s libre sur le site (<em>utiliser l&rsquo;outil de recherche du site ou voir la rubrique \u00ab\u00a0Actus\u00a0\u00bb, puis cliquer sur la cat\u00e9gorie \u00ab\u00a0Ressources p\u00e9dagogiques\u00a0\u00bb, \u00ab\u00a0Sites utiles\u00a0\u00bb ou \u00ab\u00a0Outils d&rsquo;auto-apprentissage\u00a0\u00bb<\/em>) : <a href=\"https:\/\/new.mabib.fr\/cril54\/recherche\/avancee\/statut\/reset\">https:\/\/new.mabib.fr\/cril54\/recherche\/avancee\/statut\/reset<\/a>\u00a0;\u00a0<\/li>\n<li>Fonds documentaire sp\u00e9cialis\u00e9 dans les locaux de l&rsquo;association.<\/li>\n<\/ul>\t\t\t\t\t\t\t\t<\/div>\n\t\t\t\t<\/div>\n\t\t\t\t<div class=\"elementor-element elementor-element-768dc31 elementor-widget elementor-widget-text-editor\" data-id=\"768dc31\" data-element_type=\"widget\" data-e-type=\"widget\" data-widget_type=\"text-editor.default\">\n\t\t\t\t<div class=\"elementor-widget-container\">\n\t\t\t\t\t\t\t\t\t<h4><strong>L&rsquo;appui aux acteurs, professionnels et b\u00e9n\u00e9voles<\/strong><\/h4>\n<p>\u2013 Professionnalisation :<\/p>\n<ul>\n<li>Sensibilisation \u00e0 la probl\u00e9matique et aux enjeux de l&rsquo;illettrisme ;<\/li>\n<li>Formation de b\u00e9n\u00e9voles intervenant face \u00e0 un public en situation d&rsquo;illettrisme ;<\/li>\n<li>Pr\u00e9sentation d&rsquo;outils p\u00e9dagogiques.<\/li>\n<\/ul>\n<p>\u2013 Mise \u00e0 disposition de ressources documentaires et p\u00e9dagogiques :<\/p>\n<ul>\n<li>Ressources num\u00e9riques en acc\u00e8s libre sur le site (<em>utiliser l&rsquo;outil de recherche du site ou voir la rubrique \u00ab\u00a0Actus\u00a0\u00bb, puis cliquer sur la cat\u00e9gorie \u00ab\u00a0Ressources p\u00e9dagogiques\u00a0\u00bb, \u00ab\u00a0Sites utiles\u00a0\u00bb ou \u00ab\u00a0Outils d&rsquo;auto-apprentissage\u00a0\u00bb<\/em>) : https:\/\/new.mabib.fr\/cril54\/recherche\/avancee\/statut\/reset\u00a0;\u00a0<\/li>\n<li>Fonds documentaire sp\u00e9cialis\u00e9 dans les locaux de l&rsquo;association.<\/li>\n<\/ul>\t\t\t\t\t\t\t\t<\/div>\n\t\t\t\t<\/div>\n\t\t\t\t<div class=\"elementor-element elementor-element-d732914 elementor-widget elementor-widget-text-editor\" data-id=\"d732914\" data-element_type=\"widget\" data-e-type=\"widget\" data-widget_type=\"text-editor.default\">\n\t\t\t\t<div class=\"elementor-widget-container\">\n\t\t\t\t\t\t\t\t\t<h4><strong>L&rsquo;appui aux acteurs, professionnels et b\u00e9n\u00e9voles<\/strong><\/h4>\n<p>\u2013 Professionnalisation :<\/p>\n<ul>\n<li>Sensibilisation \u00e0 la probl\u00e9matique et aux enjeux de l&rsquo;illettrisme ;<\/li>\n<li>Formation de b\u00e9n\u00e9voles intervenant face \u00e0 un public en situation d&rsquo;illettrisme ;<\/li>\n<li>Pr\u00e9sentation d&rsquo;outils p\u00e9dagogiques.<\/li>\n<\/ul>\n<p>\u2013 Mise \u00e0 disposition de ressources documentaires et p\u00e9dagogiques :<\/p>\n<ul>\n<li>Ressources num\u00e9riques en acc\u00e8s libre sur le site (<em>utiliser l&rsquo;outil de recherche du site ou voir la rubrique \u00ab\u00a0Actus\u00a0\u00bb, puis cliquer sur la cat\u00e9gorie \u00ab\u00a0Ressources p\u00e9dagogiques\u00a0\u00bb, \u00ab\u00a0Sites utiles\u00a0\u00bb ou \u00ab\u00a0Outils d&rsquo;auto-apprentissage\u00a0\u00bb<\/em>) : \u00a0;\u00a0<\/li>\n<li>Fonds documentaire sp\u00e9cialis\u00e9 dans les locaux de l&rsquo;association.<\/li>\n<\/ul>\t\t\t\t\t\t\t\t<\/div>\n\t\t\t\t<\/div>\n\t\t\t\t<div class=\"elementor-element elementor-element-9643837 elementor-widget elementor-widget-text-editor\" data-id=\"9643837\" data-element_type=\"widget\" data-e-type=\"widget\" data-widget_type=\"text-editor.default\">\n\t\t\t\t<div class=\"elementor-widget-container\">\n\t\t\t\t\t\t\t\t\t<p><!-- \/wp:list --><\/p>\n<p><!-- wp:paragraph --><\/p>\n<p><!-- \/wp:paragraph --><\/p>\n<p><!-- wp:paragraph --><\/p>\n<h4><strong>L&rsquo;information du public et des acteurs<\/strong><\/h4>\n<p><!-- \/wp:paragraph --><\/p>\n<p><!-- wp:list --><\/p>\n<ul>\n<li>Par t\u00e9l\u00e9phone et sur rendez-vous dans les locaux de l&rsquo;association ;<\/li>\n<li>R\u00e9pertoire des structures d&rsquo;apprentissage en Meurthe-et-Moselle ;<\/li>\n<li>Site d\u00e9di\u00e9 et page Facebook ;<\/li>\n<li>Lettre d&rsquo;information mensuelle.<\/li>\n<\/ul>\t\t\t\t\t\t\t\t<\/div>\n\t\t\t\t<\/div>\n\t\t\t\t<div class=\"elementor-element elementor-element-3123b76 elementor-widget elementor-widget-spacer\" data-id=\"3123b76\" data-element_type=\"widget\" data-e-type=\"widget\" data-widget_type=\"spacer.default\">\n\t\t\t\t<div class=\"elementor-widget-container\">\n\t\t\t\t\t\t\t<div class=\"elementor-spacer\">\n\t\t\t<div class=\"elementor-spacer-inner\"><\/div>\n\t\t<\/div>\n\t\t\t\t\t\t<\/div>\n\t\t\t\t<\/div>\n\t\t\t\t<div class=\"elementor-element elementor-element-7a0fa3c elementor-invisible elementor-widget elementor-widget-image\" data-id=\"7a0fa3c\" data-element_type=\"widget\" data-e-type=\"widget\" data-settings=\"{&quot;_animation&quot;:&quot;bounce&quot;}\" data-widget_type=\"image.default\">\n\t\t\t\t<div class=\"elementor-widget-container\">\n\t\t\t\t\t\t\t\t\t\t\t\t\t\t\t<img decoding=\"async\" width=\"850\" height=\"500\" src=\"https:\/\/cril54.fr\/wp-content\/uploads\/2020\/09\/fondsdoc-1.jpg\" class=\"attachment-large size-large wp-image-2772\" alt=\"\" srcset=\"https:\/\/cril54.fr\/wp-content\/uploads\/2020\/09\/fondsdoc-1.jpg 850w, https:\/\/cril54.fr\/wp-content\/uploads\/2020\/09\/fondsdoc-1-300x176.jpg 300w, https:\/\/cril54.fr\/wp-content\/uploads\/2020\/09\/fondsdoc-1-768x452.jpg 768w\" sizes=\"(max-width: 850px) 100vw, 850px\" \/>\t\t\t\t\t\t\t\t\t\t\t\t\t\t\t<\/div>\n\t\t\t\t<\/div>\n\t\t\t\t<div class=\"elementor-element elementor-element-4d99741 elementor-widget elementor-widget-spacer\" data-id=\"4d99741\" data-element_type=\"widget\" data-e-type=\"widget\" data-widget_type=\"spacer.default\">\n\t\t\t\t<div class=\"elementor-widget-container\">\n\t\t\t\t\t\t\t<div class=\"elementor-spacer\">\n\t\t\t<div class=\"elementor-spacer-inner\"><\/div>\n\t\t<\/div>\n\t\t\t\t\t\t<\/div>\n\t\t\t\t<\/div>\n\t\t\t\t<div class=\"elementor-element elementor-element-8f7da92 elementor-widget elementor-widget-text-editor\" data-id=\"8f7da92\" data-element_type=\"widget\" data-e-type=\"widget\" data-widget_type=\"text-editor.default\">\n\t\t\t\t<div class=\"elementor-widget-container\">\n\t\t\t\t\t\t\t\t\t<p>En cours d&rsquo;actualisation en 2021, le fonds documentaire est constitu\u00e9 d&rsquo;ouvrages th\u00e9oriques, d&rsquo;essais de nature didactique, d&rsquo;outils de positionnement, de r\u00e9f\u00e9rentiels, de manuels et de m\u00e9thodes d&rsquo;apprentissage adapt\u00e9s aux adultes, de guides, de livrets d&rsquo;exercices, d&rsquo;outils p\u00e9dagogiques, de t\u00e9moignages, de romans et de jeux.<\/p>\n<p>\u00a0<\/p>\n<p>\u00a0<\/p>\n<p><strong>Consultation et emprunt gratuit pour tout adh\u00e9rent \u00e0 l\u2019association.<\/strong><\/p>\t\t\t\t\t\t\t\t<\/div>\n\t\t\t\t<\/div>\n\t\t\t\t<div class=\"elementor-element elementor-element-8290cb8 elementor-widget elementor-widget-spacer\" data-id=\"8290cb8\" data-element_type=\"widget\" data-e-type=\"widget\" data-widget_type=\"spacer.default\">\n\t\t\t\t<div class=\"elementor-widget-container\">\n\t\t\t\t\t\t\t<div class=\"elementor-spacer\">\n\t\t\t<div class=\"elementor-spacer-inner\"><\/div>\n\t\t<\/div>\n\t\t\t\t\t\t<\/div>\n\t\t\t\t<\/div>\n\t\t\t\t<div class=\"elementor-element elementor-element-78da6a3 elementor-align-center elementor-widget elementor-widget-button\" data-id=\"78da6a3\" data-element_type=\"widget\" data-e-type=\"widget\" data-widget_type=\"button.default\">\n\t\t\t\t<div class=\"elementor-widget-container\">\n\t\t\t\t\t\t\t\t\t<div class=\"elementor-button-wrapper\">\n\t\t\t\t\t<a class=\"elementor-button elementor-button-link elementor-size-md\" href=\"https:\/\/cril54.fr\/?page_id=260\">\n\t\t\t\t\t\t<span class=\"elementor-button-content-wrapper\">\n\t\t\t\t\t\t\t\t\t<span class=\"elementor-button-text\">Vous voulez en savoir plus sur les missions du CRIL54<\/span>\n\t\t\t\t\t<\/span>\n\t\t\t\t\t<\/a>\n\t\t\t\t<\/div>\n\t\t\t\t\t\t\t\t<\/div>\n\t\t\t\t<\/div>\n\t\t\t\t\t<\/div>\n\t\t<\/div>\n\t\t\t\t\t<\/div>\n\t\t<\/section>\n\t\t\t\t<\/div>\n\t\t","protected":false},"excerpt":{"rendered":"<p>Le Centre Ressources Illettrisme de Meurthe-et-Moselle (CRIL54)\u00a0est une association\u00a0loi 1901\u00a0fond\u00e9e en 1993 pour lutter contre la non ma\u00eetrise des savoirs de base, dont l\u2019illettrisme. Son si\u00e8ge se trouve sur le Plateau de Haye \u00e0 Nancy, dans un quartier prioritaire de la politique de la ville. Sa zone d&rsquo;action s&rsquo;\u00e9tend \u00e0 la M\u00e9tropole du Grand Nancy,&hellip;<\/p>\n","protected":false},"author":7,"featured_media":0,"parent":0,"menu_order":6,"comment_status":"closed","ping_status":"closed","template":"","meta":{"footnotes":""},"class_list":["post-2673","page","type-page","status-publish","hentry"],"_links":{"self":[{"href":"https:\/\/cril54.fr\/index.php?rest_route=\/wp\/v2\/pages\/2673","targetHints":{"allow":["GET"]}}],"collection":[{"href":"https:\/\/cril54.fr\/index.php?rest_route=\/wp\/v2\/pages"}],"about":[{"href":"https:\/\/cril54.fr\/index.php?rest_route=\/wp\/v2\/types\/page"}],"author":[{"embeddable":true,"href":"https:\/\/cril54.fr\/index.php?rest_route=\/wp\/v2\/users\/7"}],"replies":[{"embeddable":true,"href":"https:\/\/cril54.fr\/index.php?rest_route=%2Fwp%2Fv2%2Fcomments&post=2673"}],"version-history":[{"count":42,"href":"https:\/\/cril54.fr\/index.php?rest_route=\/wp\/v2\/pages\/2673\/revisions"}],"predecessor-version":[{"id":4347,"href":"https:\/\/cril54.fr\/index.php?rest_route=\/wp\/v2\/pages\/2673\/revisions\/4347"}],"wp:attachment":[{"href":"https:\/\/cril54.fr\/index.php?rest_route=%2Fwp%2Fv2%2Fmedia&parent=2673"}],"curies":[{"name":"wp","href":"https:\/\/api.w.org\/{rel}","templated":true}]}}