{"id":2524,"date":"2020-09-25T13:03:29","date_gmt":"2020-09-25T13:03:29","guid":{"rendered":"https:\/\/cril54.fr\/?page_id=2524"},"modified":"2020-09-28T11:24:05","modified_gmt":"2020-09-28T11:24:05","slug":"certification-clea","status":"publish","type":"page","link":"https:\/\/cril54.fr\/?page_id=2524","title":{"rendered":"Certification Cl\u00e9a"},"content":{"rendered":"\t\t<div data-elementor-type=\"wp-page\" data-elementor-id=\"2524\" class=\"elementor elementor-2524\" data-elementor-post-type=\"page\">\n\t\t\t\t\t\t<section class=\"elementor-section elementor-top-section elementor-element elementor-element-be58690 elementor-section-boxed elementor-section-height-default elementor-section-height-default\" data-id=\"be58690\" data-element_type=\"section\" data-e-type=\"section\">\n\t\t\t\t\t\t<div class=\"elementor-container elementor-column-gap-default\">\n\t\t\t\t\t<div class=\"elementor-column elementor-col-100 elementor-top-column elementor-element elementor-element-76cdf10\" data-id=\"76cdf10\" data-element_type=\"column\" data-e-type=\"column\">\n\t\t\t<div class=\"elementor-widget-wrap elementor-element-populated\">\n\t\t\t\t\t\t<div class=\"elementor-element elementor-element-6db1afe elementor-widget elementor-widget-video\" data-id=\"6db1afe\" data-element_type=\"widget\" data-e-type=\"widget\" data-settings=\"{&quot;youtube_url&quot;:&quot;https:\\\/\\\/youtu.be\\\/BP_M8InCi1E&quot;,&quot;autoplay&quot;:&quot;yes&quot;,&quot;video_type&quot;:&quot;youtube&quot;,&quot;controls&quot;:&quot;yes&quot;}\" data-widget_type=\"video.default\">\n\t\t\t\t<div class=\"elementor-widget-container\">\n\t\t\t\t\t\t\t<div class=\"elementor-wrapper elementor-open-inline\">\n\t\t\t<div class=\"elementor-video\"><\/div>\t\t<\/div>\n\t\t\t\t\t\t<\/div>\n\t\t\t\t<\/div>\n\t\t\t\t\t<\/div>\n\t\t<\/div>\n\t\t\t\t\t<\/div>\n\t\t<\/section>\n\t\t\t\t<section class=\"elementor-section elementor-top-section elementor-element elementor-element-974d9b1 elementor-section-boxed elementor-section-height-default elementor-section-height-default\" data-id=\"974d9b1\" data-element_type=\"section\" data-e-type=\"section\">\n\t\t\t\t\t\t<div class=\"elementor-container elementor-column-gap-default\">\n\t\t\t\t\t<div class=\"elementor-column elementor-col-100 elementor-top-column elementor-element elementor-element-24d0420\" data-id=\"24d0420\" data-element_type=\"column\" data-e-type=\"column\">\n\t\t\t<div class=\"elementor-widget-wrap elementor-element-populated\">\n\t\t\t\t\t\t<div class=\"elementor-element elementor-element-8026e77 elementor-widget elementor-widget-spacer\" data-id=\"8026e77\" data-element_type=\"widget\" data-e-type=\"widget\" data-widget_type=\"spacer.default\">\n\t\t\t\t<div class=\"elementor-widget-container\">\n\t\t\t\t\t\t\t<div class=\"elementor-spacer\">\n\t\t\t<div class=\"elementor-spacer-inner\"><\/div>\n\t\t<\/div>\n\t\t\t\t\t\t<\/div>\n\t\t\t\t<\/div>\n\t\t\t\t<div class=\"elementor-element elementor-element-1960db0 elementor-widget elementor-widget-text-editor\" data-id=\"1960db0\" data-element_type=\"widget\" data-e-type=\"widget\" data-widget_type=\"text-editor.default\">\n\t\t\t\t<div class=\"elementor-widget-container\">\n\t\t\t\t\t\t\t\t\t<p>Les partenaires sociaux ont d\u00e9fini un socle commun de connaissances et de comp\u00e9tences professionnelles appel\u00e9 Cl\u00e9A\u00a0qu\u2019il est utile de ma\u00eetriser pour acc\u00e9der \u00e0 la formation professionnelle et favoriser son insertion professionnelle. En application du d\u00e9cret du 13 f\u00e9vrier 2015, le socle fait l\u2019objet d\u2019une certification pour les salari\u00e9s comme pour les demandeurs d\u2019emploi. Cl\u00e9a est inscrite de droit \u00e0 l\u2019inventaire des certifications. Elle est \u00e9ligible \u00e0 l\u2019ensemble des dispositifs de formation, dont le compte personnel de formation (CPF).<\/p>\t\t\t\t\t\t\t\t<\/div>\n\t\t\t\t<\/div>\n\t\t\t\t<div class=\"elementor-element elementor-element-2cca576 elementor-widget-divider--view-line elementor-widget elementor-widget-divider\" data-id=\"2cca576\" data-element_type=\"widget\" data-e-type=\"widget\" data-widget_type=\"divider.default\">\n\t\t\t\t<div class=\"elementor-widget-container\">\n\t\t\t\t\t\t\t<div class=\"elementor-divider\">\n\t\t\t<span class=\"elementor-divider-separator\">\n\t\t\t\t\t\t<\/span>\n\t\t<\/div>\n\t\t\t\t\t\t<\/div>\n\t\t\t\t<\/div>\n\t\t\t\t<div class=\"elementor-element elementor-element-d259679 elementor-widget elementor-widget-heading\" data-id=\"d259679\" data-element_type=\"widget\" data-e-type=\"widget\" data-widget_type=\"heading.default\">\n\t\t\t\t<div class=\"elementor-widget-container\">\n\t\t\t\t\t<h2 class=\"elementor-heading-title elementor-size-default\">Le socle comporte sept domaines<\/h2>\t\t\t\t<\/div>\n\t\t\t\t<\/div>\n\t\t\t\t<div class=\"elementor-element elementor-element-2c13bfd elementor-widget elementor-widget-text-editor\" data-id=\"2c13bfd\" data-element_type=\"widget\" data-e-type=\"widget\" data-widget_type=\"text-editor.default\">\n\t\t\t\t<div class=\"elementor-widget-container\">\n\t\t\t\t\t\t\t\t\t<ul>\n<li>Communiquer en fran\u00e7ais ;<\/li>\n<li>Utiliser les r\u00e8gles de base de calcul et du raisonnement math\u00e9matique ;<\/li>\n<li>Utiliser les techniques usuelles de l\u2019information et de la communication num\u00e9rique ;<\/li>\n<li>Travailler dans le cadre de r\u00e8gles d\u00e9finies d\u2019un travail en \u00e9quipe ;<\/li>\n<li>Travailler en autonomie et r\u00e9aliser un objectif individuel ;<\/li>\n<li>Apprendre \u00e0 apprendre tout au long de la vie ;<\/li>\n<li>Ma\u00eetriser les gestes et postures et respecter des r\u00e8gles d\u2019hygi\u00e8ne, de s\u00e9curit\u00e9 et environnementales \u00e9l\u00e9mentaires.<\/li>\n<\/ul>\t\t\t\t\t\t\t\t<\/div>\n\t\t\t\t<\/div>\n\t\t\t\t<div class=\"elementor-element elementor-element-b6ed106 elementor-widget-divider--view-line elementor-widget elementor-widget-divider\" data-id=\"b6ed106\" data-element_type=\"widget\" data-e-type=\"widget\" data-widget_type=\"divider.default\">\n\t\t\t\t<div class=\"elementor-widget-container\">\n\t\t\t\t\t\t\t<div class=\"elementor-divider\">\n\t\t\t<span class=\"elementor-divider-separator\">\n\t\t\t\t\t\t<\/span>\n\t\t<\/div>\n\t\t\t\t\t\t<\/div>\n\t\t\t\t<\/div>\n\t\t\t\t<div class=\"elementor-element elementor-element-136bd8e elementor-widget elementor-widget-heading\" data-id=\"136bd8e\" data-element_type=\"widget\" data-e-type=\"widget\" data-widget_type=\"heading.default\">\n\t\t\t\t<div class=\"elementor-widget-container\">\n\t\t\t\t\t<h2 class=\"elementor-heading-title elementor-size-default\">En savoir plus pour obtenir la certification Cl\u00e9a\u00a0<\/h2>\t\t\t\t<\/div>\n\t\t\t\t<\/div>\n\t\t\t\t<div class=\"elementor-element elementor-element-5ce9a7e elementor-widget elementor-widget-text-editor\" data-id=\"5ce9a7e\" data-element_type=\"widget\" data-e-type=\"widget\" data-widget_type=\"text-editor.default\">\n\t\t\t\t<div class=\"elementor-widget-container\">\n\t\t\t\t\t\t\t\t\t<blockquote class=\"wp-block-quote\">\n<p><a href=\"https:\/\/cril54.fr\/wp-content\/uploads\/2020\/09\/CleA_information-aux-salaries_Copanef.pdf\" target=\"_blank\" rel=\"noreferrer noopener\">Si vous \u00eates salari\u00e9\u00a0<\/a><br \/><a href=\"https:\/\/cril54.fr\/wp-content\/uploads\/2020\/09\/CleA_information-aux-demandeurs-demploi_Copanef.pdf\" target=\"_blank\" rel=\"noreferrer noopener\">Si vous \u00eates demandeur d\u2019emploi<\/a><br \/><a href=\"http:\/\/www.certificat-clea.fr\/\">Consulter le site d\u00e9di\u00e9 \u00e0 Cl\u00e9A (quizz, t\u00e9moignages, informations pratiques\u2026)<\/a><\/p>\n<\/blockquote>\t\t\t\t\t\t\t\t<\/div>\n\t\t\t\t<\/div>\n\t\t\t\t\t<\/div>\n\t\t<\/div>\n\t\t\t\t\t<\/div>\n\t\t<\/section>\n\t\t\t\t<\/div>\n\t\t","protected":false},"excerpt":{"rendered":"<p>Les partenaires sociaux ont d\u00e9fini un socle commun de connaissances et de comp\u00e9tences professionnelles appel\u00e9 Cl\u00e9A\u00a0qu\u2019il est utile de ma\u00eetriser pour acc\u00e9der \u00e0 la formation professionnelle et favoriser son insertion professionnelle. En application du d\u00e9cret du 13 f\u00e9vrier 2015, le socle fait l\u2019objet d\u2019une certification pour les salari\u00e9s comme pour les demandeurs d\u2019emploi. Cl\u00e9a est&hellip;<\/p>\n","protected":false},"author":7,"featured_media":0,"parent":0,"menu_order":6,"comment_status":"closed","ping_status":"closed","template":"","meta":{"footnotes":""},"class_list":["post-2524","page","type-page","status-publish","hentry"],"_links":{"self":[{"href":"https:\/\/cril54.fr\/index.php?rest_route=\/wp\/v2\/pages\/2524","targetHints":{"allow":["GET"]}}],"collection":[{"href":"https:\/\/cril54.fr\/index.php?rest_route=\/wp\/v2\/pages"}],"about":[{"href":"https:\/\/cril54.fr\/index.php?rest_route=\/wp\/v2\/types\/page"}],"author":[{"embeddable":true,"href":"https:\/\/cril54.fr\/index.php?rest_route=\/wp\/v2\/users\/7"}],"replies":[{"embeddable":true,"href":"https:\/\/cril54.fr\/index.php?rest_route=%2Fwp%2Fv2%2Fcomments&post=2524"}],"version-history":[{"count":0,"href":"https:\/\/cril54.fr\/index.php?rest_route=\/wp\/v2\/pages\/2524\/revisions"}],"wp:attachment":[{"href":"https:\/\/cril54.fr\/index.php?rest_route=%2Fwp%2Fv2%2Fmedia&parent=2524"}],"curies":[{"name":"wp","href":"https:\/\/api.w.org\/{rel}","templated":true}]}}