{"id":2515,"date":"2020-09-25T12:56:43","date_gmt":"2020-09-25T12:56:43","guid":{"rendered":"https:\/\/cril54.fr\/?page_id=2515"},"modified":"2026-02-19T09:11:35","modified_gmt":"2026-02-19T09:11:35","slug":"structures-dapprentissage-en-meurthe-et-moselle","status":"publish","type":"page","link":"https:\/\/cril54.fr\/?page_id=2515","title":{"rendered":"Structures d&rsquo;apprentissage en Meurthe-et-Moselle"},"content":{"rendered":"\t\t<div data-elementor-type=\"wp-page\" data-elementor-id=\"2515\" class=\"elementor elementor-2515\" data-elementor-post-type=\"page\">\n\t\t\t\t\t\t<section class=\"elementor-section elementor-top-section elementor-element elementor-element-f1e97ac elementor-section-boxed elementor-section-height-default elementor-section-height-default\" data-id=\"f1e97ac\" data-element_type=\"section\" data-e-type=\"section\">\n\t\t\t\t\t\t<div class=\"elementor-container elementor-column-gap-default\">\n\t\t\t\t\t<div class=\"elementor-column elementor-col-100 elementor-top-column elementor-element elementor-element-aa5baf1\" data-id=\"aa5baf1\" data-element_type=\"column\" data-e-type=\"column\">\n\t\t\t<div class=\"elementor-widget-wrap elementor-element-populated\">\n\t\t\t\t\t\t<div class=\"elementor-element elementor-element-5f771f9 elementor-widget elementor-widget-text-editor\" data-id=\"5f771f9\" data-element_type=\"widget\" data-e-type=\"widget\" data-widget_type=\"text-editor.default\">\n\t\t\t\t<div class=\"elementor-widget-container\">\n\t\t\t\t\t\t\t\t\t<p>Vous cherchez une action d\u2019apprentissage de la langue fran\u00e7aise ou de d\u00e9veloppement des comp\u00e9tences de base (lecture, \u00e9criture, calcul\u2026) pour adultes\u00a0?<\/p>\t\t\t\t\t\t\t\t<\/div>\n\t\t\t\t<\/div>\n\t\t\t\t<div class=\"elementor-element elementor-element-4813b85 elementor-widget elementor-widget-text-editor\" data-id=\"4813b85\" data-element_type=\"widget\" data-e-type=\"widget\" data-widget_type=\"text-editor.default\">\n\t\t\t\t<div class=\"elementor-widget-container\">\n\t\t\t\t\t\t\t\t\t<h2 class=\"has-accent-color has-text-color\"><strong>Vous trouverez ici la localisation des actions de proximit\u00e9 en savoirs de base et langue fran\u00e7aise recens\u00e9es par le CRIL54 sur le territoire de la Meurthe-et-Moselle.<\/strong><\/h2>\t\t\t\t\t\t\t\t<\/div>\n\t\t\t\t<\/div>\n\t\t\t\t\t<\/div>\n\t\t<\/div>\n\t\t\t\t\t<\/div>\n\t\t<\/section>\n\t\t\t\t<section class=\"elementor-section elementor-top-section elementor-element elementor-element-2d6ff87b elementor-section-boxed elementor-section-height-default elementor-section-height-default\" data-id=\"2d6ff87b\" data-element_type=\"section\" data-e-type=\"section\">\n\t\t\t\t\t\t<div class=\"elementor-container elementor-column-gap-default\">\n\t\t\t\t\t<div class=\"elementor-column elementor-col-100 elementor-top-column elementor-element elementor-element-5c638765\" data-id=\"5c638765\" data-element_type=\"column\" data-e-type=\"column\">\n\t\t\t<div class=\"elementor-widget-wrap elementor-element-populated\">\n\t\t\t\t\t\t<div class=\"elementor-element elementor-element-68887244 elementor-widget elementor-widget-text-editor\" data-id=\"68887244\" data-element_type=\"widget\" data-e-type=\"widget\" data-widget_type=\"text-editor.default\">\n\t\t\t\t<div class=\"elementor-widget-container\">\n\t\t\t\t\t\t\t\t\t<p><\/p>\n<p><\/p>\n<p><\/p>\n<p>Ce r\u00e9pertoire pr\u00e9sente l\u2019offre de formation linguistique associative dans le d\u00e9partement. Son objectif est double : permettre un meilleur acc\u00e8s \u00e0 la formationlinguistique tout au long de la vie et faciliter l\u2019inscription des publics concern\u00e9s dans des parcours de formation adapt\u00e9s \u00e0 leurs besoins comme \u00e0 leur profil.<\/p>\n<p><\/p>\n<p>Ainsi, les actions recens\u00e9es s\u2019adressent aux publics suivants :<\/p>\n<p><\/p>\n<ul class=\"wp-block-list\">\n<li><strong>Analphab\u00e9tisme<\/strong>\u00a0: d\u00e9signe la situation de personnes qui ne sont jamais all\u00e9es \u00e0 l\u2019\u00e9cole, dans quelque langue ou pays que ce soit. Il s\u2019agit pour elles d\u2019unpremier apprentissage de la langue \u00e9crite (lecture et \u00e9criture).<\/li>\n<li><strong>FLE<\/strong>\u00a0(Fran\u00e7ais Langue Etrang\u00e8re). : d\u00e9signe la situation de personnes, non francophones, qui ont \u00e9t\u00e9 scolaris\u00e9es \u00e0 l\u2019\u00e9tranger dans une langue autre que le fran\u00e7ais et qui ont besoin d\u2019apprendre la langue fran\u00e7aise pour vivre en France et s\u2019ins\u00e9rer dans la soci\u00e9t\u00e9 fran\u00e7aise.<\/li>\n<li><strong>Illettrisme<\/strong>\u00a0: d\u00e9signe la situation de personnes de plus de 16 ans, qui ont suivi une scolarit\u00e9 en France, mais qui ne ma\u00eetrisent pas suffisamment les comp\u00e9tences de base pour \u00eatre autonome dans des situations simples de la vie quotidienne.<\/li>\n<li><strong>RAN<\/strong>\u00a0(Remise \u00c0 Niveau) : d\u00e9signe la situation de personnes qui ont \u00e9t\u00e9 scolaris\u00e9es en langue fran\u00e7aise. Elles ma\u00eetrisent globalement les comp\u00e9tences de base mais ont des difficult\u00e9s \u00e0 les utiliser dans certains contextes et ont besoin de les approfondir en fonction de leur projet professionnel.<\/li>\n<\/ul>\n<p><\/p>\n<p>Ces actions collectives ou individuelles peuvent prendre la forme d\u2019ateliers linguistiques (\u00e0 vis\u00e9e sociale ou professionnelle), d\u2019ateliers d\u2019acquisition des comp\u00e9tences de base, d\u2019ateliers d\u2019\u00e9criture, de cours d\u2019alphab\u00e9tisation, d\u2019accompagnements p\u00e9dagogiques individuels, etc. Certaines s\u2019inscrivent dans une d\u00e9marche d\u2019ASL (Ateliers Socio Linguistiques).<\/p>\n<p><\/p>\n<p><\/p>\n<p><\/p>\t\t\t\t\t\t\t\t<\/div>\n\t\t\t\t<\/div>\n\t\t\t\t<div class=\"elementor-element elementor-element-b2a49fb elementor-widget elementor-widget-text-editor\" data-id=\"b2a49fb\" data-element_type=\"widget\" data-e-type=\"widget\" data-widget_type=\"text-editor.default\">\n\t\t\t\t<div class=\"elementor-widget-container\">\n\t\t\t\t\t\t\t\t\t<iframe src=\"https:\/\/www.google.com\/maps\/d\/embed?mid=1B7eMb0O3EvO0L8F73WUkm4hDnfE9O3ZP\" width=\"640\" height=\"480\"><\/iframe>\t\t\t\t\t\t\t\t<\/div>\n\t\t\t\t<\/div>\n\t\t\t\t\t<\/div>\n\t\t<\/div>\n\t\t\t\t\t<\/div>\n\t\t<\/section>\n\t\t\t\t<section class=\"elementor-section elementor-top-section elementor-element elementor-element-7e85ea7 elementor-section-boxed elementor-section-height-default elementor-section-height-default\" data-id=\"7e85ea7\" data-element_type=\"section\" data-e-type=\"section\">\n\t\t\t\t\t\t<div class=\"elementor-container elementor-column-gap-default\">\n\t\t\t\t\t<div class=\"elementor-column elementor-col-50 elementor-top-column elementor-element elementor-element-2919c58\" data-id=\"2919c58\" data-element_type=\"column\" data-e-type=\"column\">\n\t\t\t<div class=\"elementor-widget-wrap elementor-element-populated\">\n\t\t\t\t\t\t<div class=\"elementor-element elementor-element-3781e94 elementor-widget elementor-widget-spacer\" data-id=\"3781e94\" data-element_type=\"widget\" data-e-type=\"widget\" data-widget_type=\"spacer.default\">\n\t\t\t\t<div class=\"elementor-widget-container\">\n\t\t\t\t\t\t\t<div class=\"elementor-spacer\">\n\t\t\t<div class=\"elementor-spacer-inner\"><\/div>\n\t\t<\/div>\n\t\t\t\t\t\t<\/div>\n\t\t\t\t<\/div>\n\t\t\t\t<div class=\"elementor-element elementor-element-847e618 elementor-widget elementor-widget-text-editor\" data-id=\"847e618\" data-element_type=\"widget\" data-e-type=\"widget\" data-widget_type=\"text-editor.default\">\n\t\t\t\t<div class=\"elementor-widget-container\">\n\t\t\t\t\t\t\t\t\t<p><span style=\"text-decoration: underline;\"><strong>\u00c0 noter :<\/strong><\/span> ce r\u00e9pertoire ne r\u00e9f\u00e9rence pas les dispositifs port\u00e9s par les acteurs publics dans le cadre de march\u00e9s, comme les formations linguistiques de l\u2019Office Fran\u00e7ais de l\u2019Immigration et de l\u2019Int\u00e9gration (OFII) ou les formations Objectif Comp\u00e9tences de Base (OCB) financ\u00e9es par la R\u00e9gion Grand Est<\/p>\t\t\t\t\t\t\t\t<\/div>\n\t\t\t\t<\/div>\n\t\t\t\t\t<\/div>\n\t\t<\/div>\n\t\t\t\t<div class=\"elementor-column elementor-col-50 elementor-top-column elementor-element elementor-element-6a18027\" data-id=\"6a18027\" data-element_type=\"column\" data-e-type=\"column\">\n\t\t\t<div class=\"elementor-widget-wrap elementor-element-populated\">\n\t\t\t\t\t\t<div class=\"elementor-element elementor-element-aaaee08 elementor-invisible elementor-widget elementor-widget-image\" data-id=\"aaaee08\" data-element_type=\"widget\" data-e-type=\"widget\" data-settings=\"{&quot;_animation&quot;:&quot;fadeInRight&quot;}\" data-widget_type=\"image.default\">\n\t\t\t\t<div class=\"elementor-widget-container\">\n\t\t\t\t\t\t\t\t\t\t\t\t\t\t\t<img fetchpriority=\"high\" decoding=\"async\" width=\"350\" height=\"230\" src=\"https:\/\/cril54.fr\/wp-content\/uploads\/2020\/09\/La-continuite-pedagogique-des-formations-linguistiques-de-l-OFII-assurees-a-distance_largeur_760.jpg\" class=\"attachment-large size-large wp-image-2862\" alt=\"\" srcset=\"https:\/\/cril54.fr\/wp-content\/uploads\/2020\/09\/La-continuite-pedagogique-des-formations-linguistiques-de-l-OFII-assurees-a-distance_largeur_760.jpg 350w, https:\/\/cril54.fr\/wp-content\/uploads\/2020\/09\/La-continuite-pedagogique-des-formations-linguistiques-de-l-OFII-assurees-a-distance_largeur_760-300x197.jpg 300w\" sizes=\"(max-width: 350px) 100vw, 350px\" \/>\t\t\t\t\t\t\t\t\t\t\t\t\t\t\t<\/div>\n\t\t\t\t<\/div>\n\t\t\t\t\t<\/div>\n\t\t<\/div>\n\t\t\t\t\t<\/div>\n\t\t<\/section>\n\t\t\t\t<section class=\"elementor-section elementor-top-section elementor-element elementor-element-0033e8d elementor-section-boxed elementor-section-height-default elementor-section-height-default\" data-id=\"0033e8d\" data-element_type=\"section\" data-e-type=\"section\">\n\t\t\t\t\t\t<div class=\"elementor-container elementor-column-gap-default\">\n\t\t\t\t\t<div class=\"elementor-column elementor-col-100 elementor-top-column elementor-element elementor-element-e833dfb\" data-id=\"e833dfb\" data-element_type=\"column\" data-e-type=\"column\">\n\t\t\t<div class=\"elementor-widget-wrap elementor-element-populated\">\n\t\t\t\t\t\t<div class=\"elementor-element elementor-element-15ed6d7 elementor-align-center elementor-invisible elementor-widget elementor-widget-button\" data-id=\"15ed6d7\" data-element_type=\"widget\" data-e-type=\"widget\" data-settings=\"{&quot;_animation&quot;:&quot;bounce&quot;}\" data-widget_type=\"button.default\">\n\t\t\t\t<div class=\"elementor-widget-container\">\n\t\t\t\t\t\t\t\t\t<div class=\"elementor-button-wrapper\">\n\t\t\t\t\t<a class=\"elementor-button elementor-button-link elementor-size-md\" href=\"https:\/\/cril54.fr\/wp-content\/uploads\/2023\/04\/Repertoire-des-structures_Avril-2023_CRIL54.pdf\">\n\t\t\t\t\t\t<span class=\"elementor-button-content-wrapper\">\n\t\t\t\t\t\t\t\t\t<span class=\"elementor-button-text\">T\u00e9l\u00e9chargez notre r\u00e9pertoire des structures d'apprentissage du fran\u00e7ais en Meurthe-et-Moselle<\/span>\n\t\t\t\t\t<\/span>\n\t\t\t\t\t<\/a>\n\t\t\t\t<\/div>\n\t\t\t\t\t\t\t\t<\/div>\n\t\t\t\t<\/div>\n\t\t\t\t\t<\/div>\n\t\t<\/div>\n\t\t\t\t\t<\/div>\n\t\t<\/section>\n\t\t\t\t<\/div>\n\t\t","protected":false},"excerpt":{"rendered":"<p>Vous cherchez une action d\u2019apprentissage de la langue fran\u00e7aise ou de d\u00e9veloppement des comp\u00e9tences de base (lecture, \u00e9criture, calcul\u2026) pour adultes\u00a0? Vous trouverez ici la localisation des actions de proximit\u00e9 en savoirs de base et langue fran\u00e7aise recens\u00e9es par le CRIL54 sur le territoire de la Meurthe-et-Moselle. Ce r\u00e9pertoire pr\u00e9sente l\u2019offre de formation linguistique associative&hellip;<\/p>\n","protected":false},"author":7,"featured_media":0,"parent":0,"menu_order":6,"comment_status":"closed","ping_status":"closed","template":"","meta":{"footnotes":""},"class_list":["post-2515","page","type-page","status-publish","hentry"],"_links":{"self":[{"href":"https:\/\/cril54.fr\/index.php?rest_route=\/wp\/v2\/pages\/2515","targetHints":{"allow":["GET"]}}],"collection":[{"href":"https:\/\/cril54.fr\/index.php?rest_route=\/wp\/v2\/pages"}],"about":[{"href":"https:\/\/cril54.fr\/index.php?rest_route=\/wp\/v2\/types\/page"}],"author":[{"embeddable":true,"href":"https:\/\/cril54.fr\/index.php?rest_route=\/wp\/v2\/users\/7"}],"replies":[{"embeddable":true,"href":"https:\/\/cril54.fr\/index.php?rest_route=%2Fwp%2Fv2%2Fcomments&post=2515"}],"version-history":[{"count":6,"href":"https:\/\/cril54.fr\/index.php?rest_route=\/wp\/v2\/pages\/2515\/revisions"}],"predecessor-version":[{"id":4198,"href":"https:\/\/cril54.fr\/index.php?rest_route=\/wp\/v2\/pages\/2515\/revisions\/4198"}],"wp:attachment":[{"href":"https:\/\/cril54.fr\/index.php?rest_route=%2Fwp%2Fv2%2Fmedia&parent=2515"}],"curies":[{"name":"wp","href":"https:\/\/api.w.org\/{rel}","templated":true}]}}