{"id":1466,"date":"2020-08-27T14:05:35","date_gmt":"2020-08-27T14:05:35","guid":{"rendered":"https:\/\/cril54.fr\/?page_id=1466"},"modified":"2026-02-25T23:29:41","modified_gmt":"2026-02-25T23:29:41","slug":"mentions-legales","status":"publish","type":"page","link":"https:\/\/cril54.fr\/?page_id=1466","title":{"rendered":"Mentions l\u00e9gales"},"content":{"rendered":"\t\t<div data-elementor-type=\"wp-page\" data-elementor-id=\"1466\" class=\"elementor elementor-1466\" data-elementor-post-type=\"page\">\n\t\t\t\t\t\t<section class=\"elementor-section elementor-top-section elementor-element elementor-element-37e845a8 elementor-section-boxed elementor-section-height-default elementor-section-height-default\" data-id=\"37e845a8\" data-element_type=\"section\" data-e-type=\"section\">\n\t\t\t\t\t\t<div class=\"elementor-container elementor-column-gap-default\">\n\t\t\t\t\t<div class=\"elementor-column elementor-col-100 elementor-top-column elementor-element elementor-element-4de7c3ce\" data-id=\"4de7c3ce\" data-element_type=\"column\" data-e-type=\"column\">\n\t\t\t<div class=\"elementor-widget-wrap elementor-element-populated\">\n\t\t\t\t\t\t<div class=\"elementor-element elementor-element-19508642 elementor-widget elementor-widget-text-editor\" data-id=\"19508642\" data-element_type=\"widget\" data-e-type=\"widget\" data-widget_type=\"text-editor.default\">\n\t\t\t\t<div class=\"elementor-widget-container\">\n\t\t\t\t\t\t\t\t\t<h4>Association &amp; Bureau<\/h4>\n<p><strong>Statut :<\/strong>&nbsp;Association loi 1901<\/p>\n<p><strong>Si\u00e8ge social :<\/strong><br>CRIL54<br>C\u00e8dre Bleu<br>17 rue Jean Mih\u00e9<br>54000 Nancy<br><strong>T\u00e9l. :<\/strong>&nbsp;03.83.97.01.34<\/p>\n<p><strong>SIRET :<\/strong> 38993496900020 \u2013 <strong>NAF :<\/strong>&nbsp;8899B<\/p>\n<p><strong>Pr\u00e9sidente :<\/strong> Martine Lamblin<br><strong>Secr\u00e9taire :<\/strong> Catherine Benedic<br><strong>Tr\u00e9sorier :<\/strong> Denys Pierre<\/p>\n<h4>Site Web<\/h4>\n<p><strong>Directrice de publication :<\/strong> Martine Lamblin<br><strong>Responsable web :<\/strong> Martine Lamblin<br><strong>Cr\u00e9ation logo \u2013 graphisme :<\/strong>&nbsp;Alexandra-Anne Sille<\/p>\n<h4>H\u00e9bergement<\/h4>\n<p>OVH<br>BP 80342 75365 Paris Cedex 08 \/ France<br><strong>T\u00e9l. :<\/strong>&nbsp;01.73.50.31.65<\/p>\n<h4><strong>Politique de Protection des Donn\u00e9es Personnelles<\/strong><\/h4>\n<p>L&rsquo;association CRIL54 s&rsquo;engage \u00e0 ce que la collecte et le traitement de vos donn\u00e9es, effectu\u00e9s \u00e0 partir du site \u00ab\u00a0cril54.fr\u00a0\u00bb, soient conformes au R\u00e8glement G\u00e9n\u00e9ral sur la protection des Donn\u00e9es (RGPD) et \u00e0 la loi Informatique et Libert\u00e9s. Nous collections uniquement les donn\u00e9es strictement n\u00e9cessaires (minimisation des donn\u00e9es) pour les finalit\u00e9s suivantes :<\/p>\n<ul>\n<li>Formulaire de contact : R\u00e9pondre \u00e0 vos demandes d&rsquo;informations.<\/li>\n<li>Inscriptions \/ Formations : G\u00e9rer votre participation \u00e0 nos actions de lutte contre l&rsquo;illettrisme et l&rsquo;illectronisme.<\/li>\n<\/ul>\n<p>Le traitement de vos donn\u00e9es est fond\u00e9 soit sur votre consentement (lorsque vous remplissez un formulaire), soit sur l&rsquo;int\u00e9r\u00eat l\u00e9gitime de l&rsquo;association pour assurer le suivi de ses missions.<\/p>\n<p>Les donn\u00e9es collect\u00e9es sont destin\u00e9es exclusivement \u00e0 l&rsquo;usage interne du CRIL54. Elles ne sont en aucun cas c\u00e9d\u00e9es ou vendues \u00e0 des tiers.<\/p>\n<p>Vous donn\u00e9es ne sont pas conserv\u00e9es ind\u00e9finiment :<\/p>\n<ul>\n<li>Demandes de contact : Les donn\u00e9es sont supprim\u00e9es au maximum 3 ans apr\u00e8s le dernier \u00e9change.<\/li>\n<li>Donn\u00e9es li\u00e9es aux formations : Elles sont conserv\u00e9es selon les dur\u00e9es l\u00e9gales de conservation des documents administratifs et comptables.&nbsp;<\/li>\n<\/ul>\n<h4>&nbsp;<\/h4>\n<h4>Vos droits :<\/h4>\n<p>Conform\u00e9ment \u00e0 la r\u00e9glementation, vous disposez des droits suivants sur vos donn\u00e9es :<\/p>\n<ul>\n<li>Droit d&rsquo;acc\u00e8s, de rectification et de mise \u00e0 jour.<\/li>\n<li>Droit \u00e0 l&rsquo;effacement de vos donn\u00e9es (droit \u00e0 l&rsquo;oubli).<\/li>\n<li>Droit de retirer votre consentement \u00e0 tout moment.<\/li>\n<li>Droit \u00e0 la limitation du traitement.<\/li>\n<\/ul>\n<p>Les donn\u00e9es recueillies sont destin\u00e9es \u00e0 CRIL54. Aucune information personnelle n\u2019est communiqu\u00e9e ou c\u00e9d\u00e9e \u00e0 des tiers, ni utilis\u00e9e \u00e0 des fins personnelles ou commerciale sans votre accord.<\/p>\n<h4>&nbsp;<\/h4>\n<h4>Pour exercer ces droits, vous pouvez nous contacter<\/h4>\n<ul>\n<li>Par e-mail : cril54@cril54.fr<\/li>\n<li>Par courrier : CRIL54 &#8211; C\u00e8dre Bleu &#8211; 17 rue Jean Mih\u00e9 54000 Nancy<\/li>\n<\/ul>\n<p>Si vous estimez, apr\u00e8s nous avoir contact\u00e9s, que vos droits ne sont pas respect\u00e9s, vous pouvez adresser une r\u00e9clamation en ligne \u00e0 la CNIL (cnil.fr) ou par courrier postal.<\/p>\n<h4>&nbsp;<\/h4>\n<h4>Propri\u00e9t\u00e9 intellectuelle<\/h4>\n<p>Le site www.cril54.fr est prot\u00e9g\u00e9 par les lois en vigueur sur la propri\u00e9t\u00e9 intellectuelle et le droit d\u2019auteur.<\/p>\n<p>Toute utilisation, reproduction, diffusion, commercialisation, modification de toute ou partie du site, sans l\u2019autorisation de CRIL54 est formellement interdite.<\/p>\n<p>Le contrevenant s\u2019expose \u00e0 des sanctions civiles et p\u00e9nales et notamment aux peines pr\u00e9vues aux articles L. 335.2 et L. 343.1 du code de la Propri\u00e9t\u00e9 Intellectuelle.<\/p>\n<h4>&nbsp;<\/h4>\n<h4>Cookies<\/h4>\n<p>CRIL54 est susceptible de provoquer l\u2019installation de cookie(s) sur l\u2019ordinateur de l\u2019utilisateur. Un cookie est un fichier de petite taille, qui ne permet pas l\u2019identification de l\u2019utilisateur, mais qui enregistre des informations relatives \u00e0 la navigation d\u2019un ordinateur sur un site.<\/p>\n<p>Les donn\u00e9es ainsi obtenues visent \u00e0 faciliter la navigation ult\u00e9rieure sur le site, et ont \u00e9galement vocation \u00e0 permettre diverses mesures de fr\u00e9quentation.<\/p>\n<p>Vous \u00eates libre d\u2019accepter ou de refuser les cookies en configurant votre navigateur (d\u00e9sactivation de tout ou partie des cookies \u2013 voir manuel de votre navigateur Web ou fonction d\u2019aide).<\/p>\n<h4>&nbsp;<\/h4>\n<h4>Liens hypertextes<\/h4>\n<p>Le site www.cril54.fr peut contenir un certain nombre de liens hypertextes vers d\u2019autres sites, mis en place avec l\u2019autorisation de CRIL54.<\/p>\n<p>Cependant, CRIL54 n\u2019a pas la possibilit\u00e9 de v\u00e9rifier le contenu des sites ainsi visit\u00e9s, et n\u2019assumera en cons\u00e9quence aucune responsabilit\u00e9 de ce fait.<\/p>\n<p>L\u2019Utilisateur s\u2019interdit donc \u00e0 engager la responsabilit\u00e9 du site concernant le contenu et les ressources relatives \u00e0 ces liens hypertextes sortants.<\/p>\t\t\t\t\t\t\t\t<\/div>\n\t\t\t\t<\/div>\n\t\t\t\t\t<\/div>\n\t\t<\/div>\n\t\t\t\t\t<\/div>\n\t\t<\/section>\n\t\t\t\t<\/div>\n\t\t","protected":false},"excerpt":{"rendered":"<p>Association &amp; Bureau Statut :&nbsp;Association loi 1901 Si\u00e8ge social :CRIL54C\u00e8dre Bleu17 rue Jean Mih\u00e954000 NancyT\u00e9l. :&nbsp;03.83.97.01.34 SIRET : 38993496900020 \u2013 NAF :&nbsp;8899B Pr\u00e9sidente : Martine LamblinSecr\u00e9taire : Catherine BenedicTr\u00e9sorier : Denys Pierre Site Web Directrice de publication : Martine LamblinResponsable web : Martine LamblinCr\u00e9ation logo \u2013 graphisme :&nbsp;Alexandra-Anne Sille H\u00e9bergement OVHBP 80342 75365 Paris Cedex&hellip;<\/p>\n","protected":false},"author":7,"featured_media":0,"parent":0,"menu_order":0,"comment_status":"closed","ping_status":"closed","template":"","meta":{"footnotes":""},"class_list":["post-1466","page","type-page","status-publish","hentry"],"_links":{"self":[{"href":"https:\/\/cril54.fr\/index.php?rest_route=\/wp\/v2\/pages\/1466","targetHints":{"allow":["GET"]}}],"collection":[{"href":"https:\/\/cril54.fr\/index.php?rest_route=\/wp\/v2\/pages"}],"about":[{"href":"https:\/\/cril54.fr\/index.php?rest_route=\/wp\/v2\/types\/page"}],"author":[{"embeddable":true,"href":"https:\/\/cril54.fr\/index.php?rest_route=\/wp\/v2\/users\/7"}],"replies":[{"embeddable":true,"href":"https:\/\/cril54.fr\/index.php?rest_route=%2Fwp%2Fv2%2Fcomments&post=1466"}],"version-history":[{"count":12,"href":"https:\/\/cril54.fr\/index.php?rest_route=\/wp\/v2\/pages\/1466\/revisions"}],"predecessor-version":[{"id":4427,"href":"https:\/\/cril54.fr\/index.php?rest_route=\/wp\/v2\/pages\/1466\/revisions\/4427"}],"wp:attachment":[{"href":"https:\/\/cril54.fr\/index.php?rest_route=%2Fwp%2Fv2%2Fmedia&parent=1466"}],"curies":[{"name":"wp","href":"https:\/\/api.w.org\/{rel}","templated":true}]}}