{"id":1223,"date":"2018-11-18T09:49:55","date_gmt":"2018-11-18T09:49:55","guid":{"rendered":"https:\/\/the7.io\/g-business\/?page_id=1223"},"modified":"2026-02-19T11:11:48","modified_gmt":"2026-02-19T11:11:48","slug":"animation-reseau-accompagnements-benevoles","status":"publish","type":"page","link":"https:\/\/cril54.fr\/?page_id=1223","title":{"rendered":"R\u00e9seau d&rsquo;accompagnants b\u00e9n\u00e9voles"},"content":{"rendered":"\t\t<div data-elementor-type=\"wp-page\" data-elementor-id=\"1223\" class=\"elementor elementor-1223\" data-elementor-post-type=\"page\">\n\t\t\t\t\t\t<section class=\"elementor-section elementor-top-section elementor-element elementor-element-5d6f1d5 elementor-section-boxed elementor-section-height-default elementor-section-height-default\" data-id=\"5d6f1d5\" data-element_type=\"section\" data-e-type=\"section\">\n\t\t\t\t\t\t<div class=\"elementor-container elementor-column-gap-default\">\n\t\t\t\t\t<div class=\"elementor-column elementor-col-50 elementor-top-column elementor-element elementor-element-a67166a\" data-id=\"a67166a\" data-element_type=\"column\" data-e-type=\"column\">\n\t\t\t<div class=\"elementor-widget-wrap elementor-element-populated\">\n\t\t\t\t\t\t<div class=\"elementor-element elementor-element-aeada66 elementor-invisible elementor-widget elementor-widget-image\" data-id=\"aeada66\" data-element_type=\"widget\" data-e-type=\"widget\" data-settings=\"{&quot;_animation&quot;:&quot;fadeInDown&quot;}\" data-widget_type=\"image.default\">\n\t\t\t\t<div class=\"elementor-widget-container\">\n\t\t\t\t\t\t\t\t\t\t\t\t\t\t\t<img fetchpriority=\"high\" decoding=\"async\" width=\"300\" height=\"225\" src=\"https:\/\/cril54.fr\/wp-content\/uploads\/2020\/09\/DSC00650-300x225.jpg\" class=\"attachment-medium size-medium wp-image-2734\" alt=\"\" srcset=\"https:\/\/cril54.fr\/wp-content\/uploads\/2020\/09\/DSC00650-300x225.jpg 300w, https:\/\/cril54.fr\/wp-content\/uploads\/2020\/09\/DSC00650-1024x768.jpg 1024w, https:\/\/cril54.fr\/wp-content\/uploads\/2020\/09\/DSC00650-768x576.jpg 768w, https:\/\/cril54.fr\/wp-content\/uploads\/2020\/09\/DSC00650-1536x1152.jpg 1536w, https:\/\/cril54.fr\/wp-content\/uploads\/2020\/09\/DSC00650-2048x1536.jpg 2048w, https:\/\/cril54.fr\/wp-content\/uploads\/2020\/09\/DSC00650-1320x990.jpg 1320w\" sizes=\"(max-width: 300px) 100vw, 300px\" \/>\t\t\t\t\t\t\t\t\t\t\t\t\t\t\t<\/div>\n\t\t\t\t<\/div>\n\t\t\t\t\t<\/div>\n\t\t<\/div>\n\t\t\t\t<div class=\"elementor-column elementor-col-50 elementor-top-column elementor-element elementor-element-4df87d6\" data-id=\"4df87d6\" data-element_type=\"column\" data-e-type=\"column\">\n\t\t\t<div class=\"elementor-widget-wrap elementor-element-populated\">\n\t\t\t\t\t\t<div class=\"elementor-element elementor-element-8d0fae2 elementor-widget elementor-widget-text-editor\" data-id=\"8d0fae2\" data-element_type=\"widget\" data-e-type=\"widget\" data-widget_type=\"text-editor.default\">\n\t\t\t\t<div class=\"elementor-widget-container\">\n\t\t\t\t\t\t\t\t\t<h4><span style=\"color: #7a0c7c;\">Le CRIL54 anime un r\u00e9seau de b\u00e9n\u00e9voles qui accompagnent individuellement des adultes dans l\u2019acquisition, le r\u00e9apprentissage ou la consolidation des savoirs de base (lecture, \u00e9criture, calcul, num\u00e9rique\u2026), premi\u00e8re marche indispensable dans un parcours d\u2019insertion socioprofessionnelle. Il s\u2019agit de r\u00e9concilier les apprenants avec ces apprentissages fondamentaux gr\u00e2ce \u00e0 un accompagnement individualis\u00e9, s\u00e9curisant, adapt\u00e9 et \u00ab\u00a0sur mesure\u00a0\u00bb, dans la dur\u00e9e. Dynamiser, rassurer, encourager, accompagner et mobiliser les apprenants, telles sont les missions des b\u00e9n\u00e9voles qui favorisent ainsi la construction d\u2019un contexte d\u2019apprentissage favorable.<\/span><\/h4>\n<p>\u00a0<\/p>\n<p><span style=\"color: #808080;\">Le r\u00e9seau d&rsquo;accompagnants b\u00e9n\u00e9voles offre une r\u00e9ponse de proximit\u00e9 aux besoins des habitants de la M\u00e9tropole du Grand Nancy, de Lun\u00e9ville et de Toul.<\/span><\/p>\t\t\t\t\t\t\t\t<\/div>\n\t\t\t\t<\/div>\n\t\t\t\t\t<\/div>\n\t\t<\/div>\n\t\t\t\t\t<\/div>\n\t\t<\/section>\n\t\t\t\t<section class=\"elementor-section elementor-top-section elementor-element elementor-element-8b52eb4 elementor-section-boxed elementor-section-height-default elementor-section-height-default\" data-id=\"8b52eb4\" data-element_type=\"section\" data-e-type=\"section\">\n\t\t\t\t\t\t<div class=\"elementor-container elementor-column-gap-default\">\n\t\t\t\t\t<div class=\"elementor-column elementor-col-100 elementor-top-column elementor-element elementor-element-1fc3eaa\" data-id=\"1fc3eaa\" data-element_type=\"column\" data-e-type=\"column\">\n\t\t\t<div class=\"elementor-widget-wrap elementor-element-populated\">\n\t\t\t\t\t\t<div class=\"elementor-element elementor-element-4632d5a elementor-widget elementor-widget-spacer\" data-id=\"4632d5a\" data-element_type=\"widget\" data-e-type=\"widget\" data-widget_type=\"spacer.default\">\n\t\t\t\t<div class=\"elementor-widget-container\">\n\t\t\t\t\t\t\t<div class=\"elementor-spacer\">\n\t\t\t<div class=\"elementor-spacer-inner\"><\/div>\n\t\t<\/div>\n\t\t\t\t\t\t<\/div>\n\t\t\t\t<\/div>\n\t\t\t\t<div class=\"elementor-element elementor-element-ea92df8 elementor-widget elementor-widget-heading\" data-id=\"ea92df8\" data-element_type=\"widget\" data-e-type=\"widget\" data-widget_type=\"heading.default\">\n\t\t\t\t<div class=\"elementor-widget-container\">\n\t\t\t\t\t<h2 class=\"elementor-heading-title elementor-size-default\">Qui sont les adultes accompagn\u00e9s ?<\/h2>\t\t\t\t<\/div>\n\t\t\t\t<\/div>\n\t\t\t\t<div class=\"elementor-element elementor-element-9be4d48 elementor-widget elementor-widget-text-editor\" data-id=\"9be4d48\" data-element_type=\"widget\" data-e-type=\"widget\" data-widget_type=\"text-editor.default\">\n\t\t\t\t<div class=\"elementor-widget-container\">\n\t\t\t\t\t\t\t\t\t<p><strong>Ces accompagnements en face-\u00e0-face p\u00e9dagogique s\u2019adressent :<\/strong><\/p>\n<p><!-- \/wp:paragraph --><!-- wp:paragraph --><\/p>\n<p>\u00a0<\/p>\n<ol>\n<li>En priorit\u00e9 aux personnes en situation d&rsquo;illettrisme (ayant suivi une scolarit\u00e9 en fran\u00e7ais) :\u00a0<\/li>\n<\/ol>\n<ul>\n<li>qui ne sont pas pr\u00eates \u00e0 int\u00e9grer une formation de groupe (par honte, peur du regard de l\u2019autre, manque de confiance en soi, peur d\u2019un nouvel \u00e9chec\u2026);<\/li>\n<li>qui ne peuvent pas int\u00e9grer un dispositif existant (comme Objectif Comp\u00e9tences de Base \u2013 OCB, financ\u00e9 par la R\u00e9gion Grand Est), car elles ne sont pas \u00e9ligibles, pour des raisons de disponibilit\u00e9 (parce qu\u2019elles sont en emploi, par exemple) ou de mobilit\u00e9.<\/li>\n<\/ul>\n<p><!-- \/wp:paragraph --><!-- wp:paragraph --><\/p>\n<p>\u00a0<\/p>\n<p>2. Aux personnes qui ont besoin d&rsquo;une remise \u00e0 niveau en fran\u00e7ais ;\u00a0<\/p>\n<p>\u00a0<\/p>\n<p>3. Aux personnes dites F.L.E., qui ont \u00e9t\u00e9 scolaris\u00e9es \u00e0 l&rsquo;\u00e9tranger dans une langue autre que le fran\u00e7ais et qui sont en capacit\u00e9 d&rsquo;avoir un \u00e9change oral en fran\u00e7ais.<\/p>\t\t\t\t\t\t\t\t<\/div>\n\t\t\t\t<\/div>\n\t\t\t\t<div class=\"elementor-element elementor-element-186908d elementor-widget-divider--view-line elementor-widget elementor-widget-divider\" data-id=\"186908d\" data-element_type=\"widget\" data-e-type=\"widget\" data-widget_type=\"divider.default\">\n\t\t\t\t<div class=\"elementor-widget-container\">\n\t\t\t\t\t\t\t<div class=\"elementor-divider\">\n\t\t\t<span class=\"elementor-divider-separator\">\n\t\t\t\t\t\t<\/span>\n\t\t<\/div>\n\t\t\t\t\t\t<\/div>\n\t\t\t\t<\/div>\n\t\t\t\t<div class=\"elementor-element elementor-element-aa82248 elementor-widget elementor-widget-heading\" data-id=\"aa82248\" data-element_type=\"widget\" data-e-type=\"widget\" data-widget_type=\"heading.default\">\n\t\t\t\t<div class=\"elementor-widget-container\">\n\t\t\t\t\t<h2 class=\"elementor-heading-title elementor-size-default\">Quels sont les objectifs des accompagnements individuels ?<\/h2>\t\t\t\t<\/div>\n\t\t\t\t<\/div>\n\t\t\t\t<div class=\"elementor-element elementor-element-1ae1dc9 elementor-widget elementor-widget-text-editor\" data-id=\"1ae1dc9\" data-element_type=\"widget\" data-e-type=\"widget\" data-widget_type=\"text-editor.default\">\n\t\t\t\t<div class=\"elementor-widget-container\">\n\t\t\t\t\t\t\t\t\t<ul>\n<li>Renforcer sa ma\u00eetrise des savoirs de base ;<\/li>\n<li>Reprendre confiance en soi et en ses capacit\u00e9s d\u2019apprentissage ;<\/li>\n<li>Gagner en autonomie dans les d\u00e9marches de la vie quotidienne.<\/li>\n<\/ul>\n<p>\u00a0<\/p>\n<p>Pour :<\/p>\n<ul>\n<li>Exercer ses droits ;<\/li>\n<li>Entrer en formation qualifiante ;<\/li>\n<li>Passer un examen, un concours ou un dipl\u00f4me ;<\/li>\n<li>Trouver un emploi ou se maintenir dans l\u2019emploi.<\/li>\n<\/ul>\t\t\t\t\t\t\t\t<\/div>\n\t\t\t\t<\/div>\n\t\t\t\t<div class=\"elementor-element elementor-element-32d712e elementor-widget-divider--view-line elementor-widget elementor-widget-divider\" data-id=\"32d712e\" data-element_type=\"widget\" data-e-type=\"widget\" data-widget_type=\"divider.default\">\n\t\t\t\t<div class=\"elementor-widget-container\">\n\t\t\t\t\t\t\t<div class=\"elementor-divider\">\n\t\t\t<span class=\"elementor-divider-separator\">\n\t\t\t\t\t\t<\/span>\n\t\t<\/div>\n\t\t\t\t\t\t<\/div>\n\t\t\t\t<\/div>\n\t\t\t\t<div class=\"elementor-element elementor-element-7dda53a elementor-widget elementor-widget-heading\" data-id=\"7dda53a\" data-element_type=\"widget\" data-e-type=\"widget\" data-widget_type=\"heading.default\">\n\t\t\t\t<div class=\"elementor-widget-container\">\n\t\t\t\t\t<h2 class=\"elementor-heading-title elementor-size-default\">Comment \u00e7a se passe ?<\/h2>\t\t\t\t<\/div>\n\t\t\t\t<\/div>\n\t\t\t\t<div class=\"elementor-element elementor-element-5e3e337 elementor-widget elementor-widget-text-editor\" data-id=\"5e3e337\" data-element_type=\"widget\" data-e-type=\"widget\" data-widget_type=\"text-editor.default\">\n\t\t\t\t<div class=\"elementor-widget-container\">\n\t\t\t\t\t\t\t\t\t<p><strong>Chaque apprenant en difficult\u00e9 de ma\u00eetrise des savoirs de base ou de la langue :<\/strong><\/p>\n<p><!-- \/wp:paragraph --><!-- wp:paragraph --><\/p>\n<p>\u2013 est orient\u00e9 vers le r\u00e9seau par un professionnel de l\u2019insertion (travailleur social, conseiller, accompagnateur socioprofessionnel, encadrant technique\u2026) ou s&rsquo;adresse directement au CRIL54 dans le cadre d&rsquo;une d\u00e9marche personnelle ;<\/p>\n<p><br \/>\u2013 est suivi par un b\u00e9n\u00e9vole qu\u2019il rencontre une fois par semaine, voire deux, au plus proche de son domicile mais dans un lien neutre (centre social, m\u00e9diath\u00e8que, mairie ou toute autre structure partenaire du CRIL54). Chaque s\u00e9ance dure 2h.<\/p>\t\t\t\t\t\t\t\t<\/div>\n\t\t\t\t<\/div>\n\t\t\t\t<div class=\"elementor-element elementor-element-bd31c53 elementor-widget-divider--view-line elementor-widget elementor-widget-divider\" data-id=\"bd31c53\" data-element_type=\"widget\" data-e-type=\"widget\" data-widget_type=\"divider.default\">\n\t\t\t\t<div class=\"elementor-widget-container\">\n\t\t\t\t\t\t\t<div class=\"elementor-divider\">\n\t\t\t<span class=\"elementor-divider-separator\">\n\t\t\t\t\t\t<\/span>\n\t\t<\/div>\n\t\t\t\t\t\t<\/div>\n\t\t\t\t<\/div>\n\t\t\t\t\t<\/div>\n\t\t<\/div>\n\t\t\t\t\t<\/div>\n\t\t<\/section>\n\t\t\t\t<section class=\"elementor-section elementor-top-section elementor-element elementor-element-c4c3302 elementor-section-boxed elementor-section-height-default elementor-section-height-default\" data-id=\"c4c3302\" data-element_type=\"section\" data-e-type=\"section\">\n\t\t\t\t\t\t<div class=\"elementor-container elementor-column-gap-default\">\n\t\t\t\t\t<div class=\"elementor-column elementor-col-50 elementor-top-column elementor-element elementor-element-9d3d7a6\" data-id=\"9d3d7a6\" data-element_type=\"column\" data-e-type=\"column\">\n\t\t\t<div class=\"elementor-widget-wrap elementor-element-populated\">\n\t\t\t\t\t\t<div class=\"elementor-element elementor-element-d0998f2 elementor-widget elementor-widget-heading\" data-id=\"d0998f2\" data-element_type=\"widget\" data-e-type=\"widget\" data-widget_type=\"heading.default\">\n\t\t\t\t<div class=\"elementor-widget-container\">\n\t\t\t\t\t<h2 class=\"elementor-heading-title elementor-size-default\">O\u00f9 ?<\/h2>\t\t\t\t<\/div>\n\t\t\t\t<\/div>\n\t\t\t\t<div class=\"elementor-element elementor-element-656c3b8 elementor-widget elementor-widget-text-editor\" data-id=\"656c3b8\" data-element_type=\"widget\" data-e-type=\"widget\" data-widget_type=\"text-editor.default\">\n\t\t\t\t<div class=\"elementor-widget-container\">\n\t\t\t\t\t\t\t\t\t<p>Ce r\u00e9seau est actif sur les territoires de la\u00a0<strong>M\u00e9tropole du Grand Nancy, \u00e0 Lun\u00e9ville et \u00e0 Toul<\/strong><\/p>\t\t\t\t\t\t\t\t<\/div>\n\t\t\t\t<\/div>\n\t\t\t\t\t<\/div>\n\t\t<\/div>\n\t\t\t\t<div class=\"elementor-column elementor-col-50 elementor-top-column elementor-element elementor-element-7ebd2c4\" data-id=\"7ebd2c4\" data-element_type=\"column\" data-e-type=\"column\">\n\t\t\t<div class=\"elementor-widget-wrap elementor-element-populated\">\n\t\t\t\t\t\t<div class=\"elementor-element elementor-element-246b2c6 elementor-invisible elementor-widget elementor-widget-image\" data-id=\"246b2c6\" data-element_type=\"widget\" data-e-type=\"widget\" data-settings=\"{&quot;_animation&quot;:&quot;fadeInRight&quot;}\" data-widget_type=\"image.default\">\n\t\t\t\t<div class=\"elementor-widget-container\">\n\t\t\t\t\t\t\t\t\t\t\t\t\t\t\t<img decoding=\"async\" width=\"715\" height=\"395\" src=\"https:\/\/cril54.fr\/wp-content\/uploads\/2020\/09\/maps-CRIL.png\" class=\"attachment-medium_large size-medium_large wp-image-2744\" alt=\"\" srcset=\"https:\/\/cril54.fr\/wp-content\/uploads\/2020\/09\/maps-CRIL.png 715w, https:\/\/cril54.fr\/wp-content\/uploads\/2020\/09\/maps-CRIL-300x166.png 300w\" sizes=\"(max-width: 715px) 100vw, 715px\" \/>\t\t\t\t\t\t\t\t\t\t\t\t\t\t\t<\/div>\n\t\t\t\t<\/div>\n\t\t\t\t\t<\/div>\n\t\t<\/div>\n\t\t\t\t\t<\/div>\n\t\t<\/section>\n\t\t\t\t<section class=\"elementor-section elementor-top-section elementor-element elementor-element-012afc3 elementor-section-boxed elementor-section-height-default elementor-section-height-default\" data-id=\"012afc3\" data-element_type=\"section\" data-e-type=\"section\">\n\t\t\t\t\t\t<div class=\"elementor-container elementor-column-gap-default\">\n\t\t\t\t\t<div class=\"elementor-column elementor-col-100 elementor-top-column elementor-element elementor-element-59a313b\" data-id=\"59a313b\" data-element_type=\"column\" data-e-type=\"column\">\n\t\t\t<div class=\"elementor-widget-wrap elementor-element-populated\">\n\t\t\t\t\t\t<div class=\"elementor-element elementor-element-97a6a99 elementor-widget elementor-widget-spacer\" data-id=\"97a6a99\" data-element_type=\"widget\" data-e-type=\"widget\" data-widget_type=\"spacer.default\">\n\t\t\t\t<div class=\"elementor-widget-container\">\n\t\t\t\t\t\t\t<div class=\"elementor-spacer\">\n\t\t\t<div class=\"elementor-spacer-inner\"><\/div>\n\t\t<\/div>\n\t\t\t\t\t\t<\/div>\n\t\t\t\t<\/div>\n\t\t\t\t<div class=\"elementor-element elementor-element-f0bd5a7 elementor-widget elementor-widget-heading\" data-id=\"f0bd5a7\" data-element_type=\"widget\" data-e-type=\"widget\" data-widget_type=\"heading.default\">\n\t\t\t\t<div class=\"elementor-widget-container\">\n\t\t\t\t\t<h2 class=\"elementor-heading-title elementor-size-default\">Quels r\u00e9sultats peut-on attendre ?<\/h2>\t\t\t\t<\/div>\n\t\t\t\t<\/div>\n\t\t\t\t<div class=\"elementor-element elementor-element-2ba0d29 elementor-widget elementor-widget-text-editor\" data-id=\"2ba0d29\" data-element_type=\"widget\" data-e-type=\"widget\" data-widget_type=\"text-editor.default\">\n\t\t\t\t<div class=\"elementor-widget-container\">\n\t\t\t\t\t\t\t\t\t<p>Avec l\u2019appui bienveillant du b\u00e9n\u00e9vole, la personne en situation d\u2019illettrisme retrouve peu \u00e0 peu confiance en elle et en ses capacit\u00e9s d\u2019apprentissage, ose regarder son interlocuteur dans les yeux, retrouve l\u2019estime d\u2019elle-m\u00eame et renoue ainsi, \u00e0 son rythme, avec les apprentissages de la lecture, de l\u2019\u00e9criture et\/ou du calcul de base. Elle acquiert peu \u00e0 peu de l\u2019autonomie pour r\u00e9aliser les actes de la vie quotidienne. Elle parvient aussi \u00e0 mieux conna\u00eetre et exercer ses droits. Quant au public F.L.E, selon son niveau linguistique au d\u00e9marrage de l\u2019accompagnement, soit il passe avec succ\u00e8s un examen (A2,B1\u2026), soit il passe un concours, soit il trouve un emploi (int\u00e9rim, CDD ou CDI.)<\/p>\t\t\t\t\t\t\t\t<\/div>\n\t\t\t\t<\/div>\n\t\t\t\t<div class=\"elementor-element elementor-element-9ee3728 elementor-widget-divider--view-line elementor-widget elementor-widget-divider\" data-id=\"9ee3728\" data-element_type=\"widget\" data-e-type=\"widget\" data-widget_type=\"divider.default\">\n\t\t\t\t<div class=\"elementor-widget-container\">\n\t\t\t\t\t\t\t<div class=\"elementor-divider\">\n\t\t\t<span class=\"elementor-divider-separator\">\n\t\t\t\t\t\t<\/span>\n\t\t<\/div>\n\t\t\t\t\t\t<\/div>\n\t\t\t\t<\/div>\n\t\t\t\t<div class=\"elementor-element elementor-element-de73f4d elementor-widget elementor-widget-heading\" data-id=\"de73f4d\" data-element_type=\"widget\" data-e-type=\"widget\" data-widget_type=\"heading.default\">\n\t\t\t\t<div class=\"elementor-widget-container\">\n\t\t\t\t\t<h2 class=\"elementor-heading-title elementor-size-default\">Place du r\u00e9seau de b\u00e9n\u00e9voles dans le \u00ab\u00a0paysage\u00a0\u00bb de la formation linguistique de base ?<\/h2>\t\t\t\t<\/div>\n\t\t\t\t<\/div>\n\t\t\t\t<div class=\"elementor-element elementor-element-8223098 elementor-widget elementor-widget-text-editor\" data-id=\"8223098\" data-element_type=\"widget\" data-e-type=\"widget\" data-widget_type=\"text-editor.default\">\n\t\t\t\t<div class=\"elementor-widget-container\">\n\t\t\t\t\t\t\t\t\t<p><strong>L\u2019action du r\u00e9seau de b\u00e9n\u00e9voles du CRIL54 s\u2019inscrit donc en amont ou en compl\u00e9ment de l\u2019offre de formation collective propos\u00e9e sur le territoire :<\/strong><\/p>\n<p><!-- \/wp:paragraph --><!-- wp:paragraph --><\/p>\n<p>\u2013 les dispositifs de formation de droit commun : le dispositif de lutte contre l\u2019illettrisme financ\u00e9 par la R\u00e9gion Grand Est, Objectif Comp\u00e9tences de Base \u2013 OCB, ou les actions linguistiques de l\u2019OFII pour les primo-arrivants;<br \/>\u2013 les ateliers de formation linguistique de proximit\u00e9 propos\u00e9s par les structures associatives (comme les A.S.L.).<\/p>\t\t\t\t\t\t\t\t<\/div>\n\t\t\t\t<\/div>\n\t\t\t\t<div class=\"elementor-element elementor-element-e7fd857 elementor-widget-divider--view-line elementor-widget elementor-widget-divider\" data-id=\"e7fd857\" data-element_type=\"widget\" data-e-type=\"widget\" data-widget_type=\"divider.default\">\n\t\t\t\t<div class=\"elementor-widget-container\">\n\t\t\t\t\t\t\t<div class=\"elementor-divider\">\n\t\t\t<span class=\"elementor-divider-separator\">\n\t\t\t\t\t\t<\/span>\n\t\t<\/div>\n\t\t\t\t\t\t<\/div>\n\t\t\t\t<\/div>\n\t\t\t\t<div class=\"elementor-element elementor-element-76917e2 elementor-widget elementor-widget-heading\" data-id=\"76917e2\" data-element_type=\"widget\" data-e-type=\"widget\" data-widget_type=\"heading.default\">\n\t\t\t\t<div class=\"elementor-widget-container\">\n\t\t\t\t\t<h2 class=\"elementor-heading-title elementor-size-default\">Les comp\u00e9tences des accompagnants b\u00e9n\u00e9voles du r\u00e9seau ?<\/h2>\t\t\t\t<\/div>\n\t\t\t\t<\/div>\n\t\t\t\t<div class=\"elementor-element elementor-element-76e3733 elementor-widget elementor-widget-text-editor\" data-id=\"76e3733\" data-element_type=\"widget\" data-e-type=\"widget\" data-widget_type=\"text-editor.default\">\n\t\t\t\t<div class=\"elementor-widget-container\">\n\t\t\t\t\t\t\t\t\t<p>\u2013 Ils ont tous suivi une formation initiale de 4 jours, assur\u00e9e par des professionnels avant d\u2019\u00eatre mis en relation avec une personne en situation d\u2019illettrisme et de l\u2019accompagner individuellement (<a href=\"http:\/\/www.cril54.org\/download\/4961\/\">t\u00e9l\u00e9charger le programme de la formation<\/a>).<br \/>\u2013 Cette formation initiale est compl\u00e9t\u00e9e par des \u00e9changes de pratiques tout au long de leur engagement au sein du r\u00e9seau.<br \/>\u2013 Ils rencontrent r\u00e9guli\u00e8rement la conseill\u00e8re p\u00e9dagogique exp\u00e9riment\u00e9e du CRIL54 dans le cadre du suivi tripartite de chaque accompagnement<\/p>\t\t\t\t\t\t\t\t<\/div>\n\t\t\t\t<\/div>\n\t\t\t\t<div class=\"elementor-element elementor-element-8896642 elementor-widget-divider--view-line elementor-widget elementor-widget-divider\" data-id=\"8896642\" data-element_type=\"widget\" data-e-type=\"widget\" data-widget_type=\"divider.default\">\n\t\t\t\t<div class=\"elementor-widget-container\">\n\t\t\t\t\t\t\t<div class=\"elementor-divider\">\n\t\t\t<span class=\"elementor-divider-separator\">\n\t\t\t\t\t\t<\/span>\n\t\t<\/div>\n\t\t\t\t\t\t<\/div>\n\t\t\t\t<\/div>\n\t\t\t\t<div class=\"elementor-element elementor-element-562a1bf elementor-widget elementor-widget-heading\" data-id=\"562a1bf\" data-element_type=\"widget\" data-e-type=\"widget\" data-widget_type=\"heading.default\">\n\t\t\t\t<div class=\"elementor-widget-container\">\n\t\t\t\t\t<h2 class=\"elementor-heading-title elementor-size-default\">\u00catre b\u00e9n\u00e9vole... Pourquoi pas vous ?<\/h2>\t\t\t\t<\/div>\n\t\t\t\t<\/div>\n\t\t\t\t<div class=\"elementor-element elementor-element-8213697 elementor-widget elementor-widget-text-editor\" data-id=\"8213697\" data-element_type=\"widget\" data-e-type=\"widget\" data-widget_type=\"text-editor.default\">\n\t\t\t\t<div class=\"elementor-widget-container\">\n\t\t\t\t\t\t\t\t\t<p>Vous souhaitez vous investir dans une association qui lutte pour l\u2019acc\u00e8s \u00e0 la formation, aux droits et \u00e0 la culture pour tous\u00a0?<\/p>\n<p>Vous souhaitez offrir du temps (2 heures par semaine) au service d\u2019une cause qui vous tient \u00e0 c\u0153ur\u00a0?<\/p>\n<p>Vous \u00eates patient(e), ouvert(e), tol\u00e9rant(e)\u00a0?<\/p>\n<p>Vous avez des qualit\u00e9s d\u2019\u00e9coute et d\u2019adaptation au public\u00a0?<\/p>\n<p>Vous avez envie d\u2019aider individuellement un adulte \u00e0 (r\u00e9)apprendre \u00e0 lire, \u00e9crire, calculer\u2026\u00a0?<\/p>\n<p>Vous appr\u00e9ciez de vous enrichir au contact d\u2019autrui\u00a0?<\/p>\n<p>Vous \u00eates pr\u00eat(e) \u00e0 suivre r\u00e9guli\u00e8rement les formations propos\u00e9es par notre association\u00a0?<\/p>\n<p>\u00a0<\/p>\n<p>Rejoignez-nous\u00a0!<\/p>\n<p>\u00a0<\/p>\t\t\t\t\t\t\t\t<\/div>\n\t\t\t\t<\/div>\n\t\t\t\t<div class=\"elementor-element elementor-element-a3f9ad3 elementor-widget elementor-widget-spacer\" data-id=\"a3f9ad3\" data-element_type=\"widget\" data-e-type=\"widget\" data-widget_type=\"spacer.default\">\n\t\t\t\t<div class=\"elementor-widget-container\">\n\t\t\t\t\t\t\t<div class=\"elementor-spacer\">\n\t\t\t<div class=\"elementor-spacer-inner\"><\/div>\n\t\t<\/div>\n\t\t\t\t\t\t<\/div>\n\t\t\t\t<\/div>\n\t\t\t\t<div class=\"elementor-element elementor-element-079adde elementor-align-center elementor-widget elementor-widget-button\" data-id=\"079adde\" data-element_type=\"widget\" data-e-type=\"widget\" data-widget_type=\"button.default\">\n\t\t\t\t<div class=\"elementor-widget-container\">\n\t\t\t\t\t\t\t\t\t<div class=\"elementor-button-wrapper\">\n\t\t\t\t\t<a class=\"elementor-button elementor-button-link elementor-size-md\" href=\"https:\/\/cril54.fr\/?page_id=260\">\n\t\t\t\t\t\t<span class=\"elementor-button-content-wrapper\">\n\t\t\t\t\t\t\t\t\t<span class=\"elementor-button-text\">Contactez-nous pour en savoir plus et prendre RDV !<\/span>\n\t\t\t\t\t<\/span>\n\t\t\t\t\t<\/a>\n\t\t\t\t<\/div>\n\t\t\t\t\t\t\t\t<\/div>\n\t\t\t\t<\/div>\n\t\t\t\t\t<\/div>\n\t\t<\/div>\n\t\t\t\t\t<\/div>\n\t\t<\/section>\n\t\t\t\t<\/div>\n\t\t","protected":false},"excerpt":{"rendered":"<p>Le CRIL54 anime un r\u00e9seau de b\u00e9n\u00e9voles qui accompagnent individuellement des adultes dans l\u2019acquisition, le r\u00e9apprentissage ou la consolidation des savoirs de base (lecture, \u00e9criture, calcul, num\u00e9rique\u2026), premi\u00e8re marche indispensable dans un parcours d\u2019insertion socioprofessionnelle. Il s\u2019agit de r\u00e9concilier les apprenants avec ces apprentissages fondamentaux gr\u00e2ce \u00e0 un accompagnement individualis\u00e9, s\u00e9curisant, adapt\u00e9 et \u00ab\u00a0sur mesure\u00a0\u00bb,&hellip;<\/p>\n","protected":false},"author":7,"featured_media":0,"parent":0,"menu_order":6,"comment_status":"closed","ping_status":"closed","template":"","meta":{"footnotes":""},"class_list":["post-1223","page","type-page","status-publish","hentry"],"_links":{"self":[{"href":"https:\/\/cril54.fr\/index.php?rest_route=\/wp\/v2\/pages\/1223","targetHints":{"allow":["GET"]}}],"collection":[{"href":"https:\/\/cril54.fr\/index.php?rest_route=\/wp\/v2\/pages"}],"about":[{"href":"https:\/\/cril54.fr\/index.php?rest_route=\/wp\/v2\/types\/page"}],"author":[{"embeddable":true,"href":"https:\/\/cril54.fr\/index.php?rest_route=\/wp\/v2\/users\/7"}],"replies":[{"embeddable":true,"href":"https:\/\/cril54.fr\/index.php?rest_route=%2Fwp%2Fv2%2Fcomments&post=1223"}],"version-history":[{"count":17,"href":"https:\/\/cril54.fr\/index.php?rest_route=\/wp\/v2\/pages\/1223\/revisions"}],"predecessor-version":[{"id":4363,"href":"https:\/\/cril54.fr\/index.php?rest_route=\/wp\/v2\/pages\/1223\/revisions\/4363"}],"wp:attachment":[{"href":"https:\/\/cril54.fr\/index.php?rest_route=%2Fwp%2Fv2%2Fmedia&parent=1223"}],"curies":[{"name":"wp","href":"https:\/\/api.w.org\/{rel}","templated":true}]}}